{"id":8515,"date":"2022-12-02T16:59:53","date_gmt":"2022-12-02T16:59:53","guid":{"rendered":"https:\/\/www.codix.es\/pagines-web\/"},"modified":"2024-03-12T16:19:07","modified_gmt":"2024-03-12T16:19:07","slug":"pagines-web","status":"publish","type":"page","link":"https:\/\/www.codix.es\/ca\/pagines-web\/","title":{"rendered":"P\u00e0gines web"},"content":{"rendered":"\t\t<div data-elementor-type=\"wp-page\" data-elementor-id=\"8515\" class=\"elementor elementor-8515 elementor-7630\" data-elementor-post-type=\"page\">\n\t\t\t\t\t\t<section class=\"elementor-section elementor-top-section elementor-element elementor-element-bdc65b6 elementor-section-stretched elementor-section-full_width elementor-section-height-min-height elementor-section-height-default elementor-section-items-middle\" data-id=\"bdc65b6\" data-element_type=\"section\" data-e-type=\"section\" data-settings=\"{&quot;stretch_section&quot;:&quot;section-stretched&quot;,&quot;background_background&quot;:&quot;classic&quot;}\">\n\t\t\t\t\t\t\t<div class=\"elementor-background-overlay\"><\/div>\n\t\t\t\t\t\t\t<div class=\"elementor-container elementor-column-gap-default\">\n\t\t\t\t\t<div class=\"elementor-column elementor-col-100 elementor-top-column elementor-element elementor-element-9d48edc\" data-id=\"9d48edc\" data-element_type=\"column\" data-e-type=\"column\">\n\t\t\t<div class=\"elementor-widget-wrap elementor-element-populated\">\n\t\t\t\t\t\t<div class=\"elementor-element elementor-element-05796c4 elementor-widget elementor-widget-heading\" data-id=\"05796c4\" data-element_type=\"widget\" data-e-type=\"widget\" data-widget_type=\"heading.default\">\n\t\t\t\t<div class=\"elementor-widget-container\">\n\t\t\t\t\t<h2 class=\"elementor-heading-title elementor-size-default\">OBRE EL TEU NEGOCI AL M\u00d3N<\/h2>\t\t\t\t<\/div>\n\t\t\t\t<\/div>\n\t\t\t\t<div class=\"elementor-element elementor-element-1d8cb90 elementor-widget elementor-widget-heading\" data-id=\"1d8cb90\" data-element_type=\"widget\" data-e-type=\"widget\" data-widget_type=\"heading.default\">\n\t\t\t\t<div class=\"elementor-widget-container\">\n\t\t\t\t\t<h4 class=\"elementor-heading-title elementor-size-default\">Dissenyem la teva web a mida<\/h4>\t\t\t\t<\/div>\n\t\t\t\t<\/div>\n\t\t\t\t\t<\/div>\n\t\t<\/div>\n\t\t\t\t\t<\/div>\n\t\t<\/section>\n\t\t\t\t<section class=\"elementor-section elementor-top-section elementor-element elementor-element-5b264ce elementor-section-stretched elementor-section-full_width elementor-section-height-default elementor-section-height-default\" data-id=\"5b264ce\" data-element_type=\"section\" data-e-type=\"section\" data-settings=\"{&quot;stretch_section&quot;:&quot;section-stretched&quot;,&quot;background_background&quot;:&quot;classic&quot;}\">\n\t\t\t\t\t\t<div class=\"elementor-container elementor-column-gap-default\">\n\t\t\t\t\t<div class=\"elementor-column elementor-col-100 elementor-top-column elementor-element elementor-element-48ce680\" data-id=\"48ce680\" data-element_type=\"column\" data-e-type=\"column\" data-settings=\"{&quot;background_background&quot;:&quot;classic&quot;}\">\n\t\t\t<div class=\"elementor-widget-wrap elementor-element-populated\">\n\t\t\t\t\t\t<div class=\"elementor-element elementor-element-cd51c50 elementor-widget elementor-widget-heading\" data-id=\"cd51c50\" data-element_type=\"widget\" data-e-type=\"widget\" data-widget_type=\"heading.default\">\n\t\t\t\t<div class=\"elementor-widget-container\">\n\t\t\t\t\t<h3 class=\"elementor-heading-title elementor-size-default\">Gesti\u00f3 i optimitzaci\u00f3 de p\u00e0gines web<\/h3>\t\t\t\t<\/div>\n\t\t\t\t<\/div>\n\t\t\t\t<div class=\"elementor-element elementor-element-adda740 elementor-widget elementor-widget-heading\" data-id=\"adda740\" data-element_type=\"widget\" data-e-type=\"widget\" data-widget_type=\"heading.default\">\n\t\t\t\t<div class=\"elementor-widget-container\">\n\t\t\t\t\t<h4 class=\"elementor-heading-title elementor-size-default\">Oferim disseny, promoci\u00f3 i gesti\u00f3 de la teva p\u00e0gina web<\/h4>\t\t\t\t<\/div>\n\t\t\t\t<\/div>\n\t\t\t\t\t<\/div>\n\t\t<\/div>\n\t\t\t\t\t<\/div>\n\t\t<\/section>\n\t\t\t\t<section class=\"elementor-section elementor-top-section elementor-element elementor-element-6da2321 elementor-section-stretched elementor-section-full_width elementor-section-height-default elementor-section-height-default\" data-id=\"6da2321\" data-element_type=\"section\" data-e-type=\"section\" data-settings=\"{&quot;stretch_section&quot;:&quot;section-stretched&quot;}\">\n\t\t\t\t\t\t<div class=\"elementor-container elementor-column-gap-default\">\n\t\t\t\t\t<div class=\"elementor-column elementor-col-100 elementor-top-column elementor-element elementor-element-75c2994\" data-id=\"75c2994\" data-element_type=\"column\" data-e-type=\"column\" data-settings=\"{&quot;background_background&quot;:&quot;classic&quot;}\">\n\t\t\t<div class=\"elementor-widget-wrap elementor-element-populated\">\n\t\t\t\t\t\t<section class=\"elementor-section elementor-inner-section elementor-element elementor-element-8fb4a95 elementor-section-full_width elementor-section-height-default elementor-section-height-default\" data-id=\"8fb4a95\" data-element_type=\"section\" data-e-type=\"section\" data-settings=\"{&quot;background_background&quot;:&quot;classic&quot;}\">\n\t\t\t\t\t\t<div class=\"elementor-container elementor-column-gap-default\">\n\t\t\t\t\t<div class=\"elementor-column elementor-col-50 elementor-inner-column elementor-element elementor-element-5153eab\" data-id=\"5153eab\" data-element_type=\"column\" data-e-type=\"column\" data-settings=\"{&quot;background_background&quot;:&quot;classic&quot;}\">\n\t\t\t<div class=\"elementor-widget-wrap elementor-element-populated\">\n\t\t\t\t\t\t<div class=\"elementor-element elementor-element-30ea7fd elementor-widget elementor-widget-heading\" data-id=\"30ea7fd\" data-element_type=\"widget\" data-e-type=\"widget\" data-widget_type=\"heading.default\">\n\t\t\t\t<div class=\"elementor-widget-container\">\n\t\t\t\t\t<h3 class=\"elementor-heading-title elementor-size-default\">Comunicaci\u00f3 digital<\/h3>\t\t\t\t<\/div>\n\t\t\t\t<\/div>\n\t\t\t\t<div class=\"elementor-element elementor-element-67fb8c0 elementor-widget elementor-widget-heading\" data-id=\"67fb8c0\" data-element_type=\"widget\" data-e-type=\"widget\" data-widget_type=\"heading.default\">\n\t\t\t\t<div class=\"elementor-widget-container\">\n\t\t\t\t\t<p class=\"elementor-heading-title elementor-size-default\">Tecnologies aplicades a l'\u00e0mbit de la comunicaci\u00f3 a la xarxa orientades al M\u00e0rqueting empresarial. Oferim posicionament SEO i natural aix\u00ed com la gesti\u00f3 de xarxes socials i les tasques de community manager. Tamb\u00e9 considerem vital l'email m\u00e0rqueting per a una \u00f2ptima exposici\u00f3 al p\u00fablic.\n<\/p>\t\t\t\t<\/div>\n\t\t\t\t<\/div>\n\t\t\t\t\t<\/div>\n\t\t<\/div>\n\t\t\t\t<div class=\"elementor-column elementor-col-50 elementor-inner-column elementor-element elementor-element-f533834\" data-id=\"f533834\" data-element_type=\"column\" data-e-type=\"column\" data-settings=\"{&quot;background_background&quot;:&quot;classic&quot;}\">\n\t\t\t<div class=\"elementor-widget-wrap elementor-element-populated\">\n\t\t\t\t\t\t<div class=\"elementor-element elementor-element-c04440a elementor-widget elementor-widget-heading\" data-id=\"c04440a\" data-element_type=\"widget\" data-e-type=\"widget\" data-widget_type=\"heading.default\">\n\t\t\t\t<div class=\"elementor-widget-container\">\n\t\t\t\t\t<h3 class=\"elementor-heading-title elementor-size-default\">Google Adwords<\/h3>\t\t\t\t<\/div>\n\t\t\t\t<\/div>\n\t\t\t\t<div class=\"elementor-element elementor-element-06ead66 elementor-widget elementor-widget-heading\" data-id=\"06ead66\" data-element_type=\"widget\" data-e-type=\"widget\" data-widget_type=\"heading.default\">\n\t\t\t\t<div class=\"elementor-widget-container\">\n\t\t\t\t\t<p class=\"elementor-heading-title elementor-size-default\">Actualment \u00e9s l'eina m\u00e9s important del mercat per publicitar la teva empresa a anunciants o clients potencials preseleccionats. A Codix disposem de les certificacions i de professionals titulats per Google.<\/p>\t\t\t\t<\/div>\n\t\t\t\t<\/div>\n\t\t\t\t\t<\/div>\n\t\t<\/div>\n\t\t\t\t\t<\/div>\n\t\t<\/section>\n\t\t\t\t<section class=\"elementor-section elementor-inner-section elementor-element elementor-element-2a77c3d elementor-section-full_width elementor-section-height-default elementor-section-height-default\" data-id=\"2a77c3d\" data-element_type=\"section\" data-e-type=\"section\" data-settings=\"{&quot;background_background&quot;:&quot;classic&quot;}\">\n\t\t\t\t\t\t<div class=\"elementor-container elementor-column-gap-default\">\n\t\t\t\t\t<div class=\"elementor-column elementor-col-50 elementor-inner-column elementor-element elementor-element-1ea67c6\" data-id=\"1ea67c6\" data-element_type=\"column\" data-e-type=\"column\" data-settings=\"{&quot;background_background&quot;:&quot;classic&quot;}\">\n\t\t\t<div class=\"elementor-widget-wrap elementor-element-populated\">\n\t\t\t\t\t\t<div class=\"elementor-element elementor-element-a5ecd72 elementor-widget elementor-widget-heading\" data-id=\"a5ecd72\" data-element_type=\"widget\" data-e-type=\"widget\" data-widget_type=\"heading.default\">\n\t\t\t\t<div class=\"elementor-widget-container\">\n\t\t\t\t\t<h3 class=\"elementor-heading-title elementor-size-default\">Disseny web<\/h3>\t\t\t\t<\/div>\n\t\t\t\t<\/div>\n\t\t\t\t<div class=\"elementor-element elementor-element-5af1d3c elementor-widget elementor-widget-heading\" data-id=\"5af1d3c\" data-element_type=\"widget\" data-e-type=\"widget\" data-widget_type=\"heading.default\">\n\t\t\t\t<div class=\"elementor-widget-container\">\n\t\t\t\t\t<p class=\"elementor-heading-title elementor-size-default\">An\u00e0lisi i recopilaci\u00f3 de dades referents a l'experi\u00e8ncia del client davant d'un producte (UX). Aquesta informaci\u00f3 s'utilitza tamb\u00e9 per dissenyar i definir botigues en l\u00ednia m\u00e9s enfocades a les necessitats dels clients. Tamb\u00e9 dissenyem i definim webs responsive per millorar el consum de la p\u00e0gina web a qualsevol dispositiu.<\/p>\t\t\t\t<\/div>\n\t\t\t\t<\/div>\n\t\t\t\t\t<\/div>\n\t\t<\/div>\n\t\t\t\t<div class=\"elementor-column elementor-col-50 elementor-inner-column elementor-element elementor-element-a2dfc8b\" data-id=\"a2dfc8b\" data-element_type=\"column\" data-e-type=\"column\" data-settings=\"{&quot;background_background&quot;:&quot;classic&quot;}\">\n\t\t\t<div class=\"elementor-widget-wrap elementor-element-populated\">\n\t\t\t\t\t\t<div class=\"elementor-element elementor-element-5b3b194 elementor-widget elementor-widget-heading\" data-id=\"5b3b194\" data-element_type=\"widget\" data-e-type=\"widget\" data-widget_type=\"heading.default\">\n\t\t\t\t<div class=\"elementor-widget-container\">\n\t\t\t\t\t<h3 class=\"elementor-heading-title elementor-size-default\">Web hosting<\/h3>\t\t\t\t<\/div>\n\t\t\t\t<\/div>\n\t\t\t\t<div class=\"elementor-element elementor-element-260d05b elementor-widget elementor-widget-heading\" data-id=\"260d05b\" data-element_type=\"widget\" data-e-type=\"widget\" data-widget_type=\"heading.default\">\n\t\t\t\t<div class=\"elementor-widget-container\">\n\t\t\t\t\t<p class=\"elementor-heading-title elementor-size-default\">Utilitzem servidors hosting i Cloud assegurances i fiables. Entenem que el bon funcionament duna p\u00e0gina web \u00e9s vital i el nostre objectiu \u00e9s crear p\u00e0gines dalt rendiment adaptades a cada necessitat.<\/p>\t\t\t\t<\/div>\n\t\t\t\t<\/div>\n\t\t\t\t\t<\/div>\n\t\t<\/div>\n\t\t\t\t\t<\/div>\n\t\t<\/section>\n\t\t\t\t<section class=\"elementor-section elementor-inner-section elementor-element elementor-element-2dd94ea elementor-section-full_width elementor-section-height-default elementor-section-height-default\" data-id=\"2dd94ea\" data-element_type=\"section\" data-e-type=\"section\" data-settings=\"{&quot;background_background&quot;:&quot;classic&quot;}\">\n\t\t\t\t\t\t<div class=\"elementor-container elementor-column-gap-default\">\n\t\t\t\t\t<div class=\"elementor-column elementor-col-50 elementor-inner-column elementor-element elementor-element-43db9c9\" data-id=\"43db9c9\" data-element_type=\"column\" data-e-type=\"column\" data-settings=\"{&quot;background_background&quot;:&quot;classic&quot;}\">\n\t\t\t<div class=\"elementor-widget-wrap elementor-element-populated\">\n\t\t\t\t\t\t<div class=\"elementor-element elementor-element-6d7be00 elementor-widget elementor-widget-heading\" data-id=\"6d7be00\" data-element_type=\"widget\" data-e-type=\"widget\" data-widget_type=\"heading.default\">\n\t\t\t\t<div class=\"elementor-widget-container\">\n\t\t\t\t\t<h3 class=\"elementor-heading-title elementor-size-default\">Webs WordPress<\/h3>\t\t\t\t<\/div>\n\t\t\t\t<\/div>\n\t\t\t\t<div class=\"elementor-element elementor-element-d42137f elementor-widget elementor-widget-heading\" data-id=\"d42137f\" data-element_type=\"widget\" data-e-type=\"widget\" data-widget_type=\"heading.default\">\n\t\t\t\t<div class=\"elementor-widget-container\">\n\t\t\t\t\t<p class=\"elementor-heading-title elementor-size-default\">WordPress \u00e9s el sistema de creaci\u00f3 de p\u00e0gines web m\u00e9s est\u00e8s avui dia. A Codix disposem d'una \u00e0mplia experi\u00e8ncia en WordPress per la qual cosa mai no ser\u00e0 m\u00e9s senzill controlar i gestionar la teva web una vegada estigui acabada. Crear la teva pr\u00f2pia p\u00e0gina web personalitzada i sense anuncis mai va ser tan f\u00e0cil.<\/p>\t\t\t\t<\/div>\n\t\t\t\t<\/div>\n\t\t\t\t\t<\/div>\n\t\t<\/div>\n\t\t\t\t<div class=\"elementor-column elementor-col-50 elementor-inner-column elementor-element elementor-element-8364ee7\" data-id=\"8364ee7\" data-element_type=\"column\" data-e-type=\"column\" data-settings=\"{&quot;background_background&quot;:&quot;classic&quot;}\">\n\t\t\t<div class=\"elementor-widget-wrap elementor-element-populated\">\n\t\t\t\t\t\t<div class=\"elementor-element elementor-element-41c6d62 elementor-widget elementor-widget-heading\" data-id=\"41c6d62\" data-element_type=\"widget\" data-e-type=\"widget\" data-widget_type=\"heading.default\">\n\t\t\t\t<div class=\"elementor-widget-container\">\n\t\t\t\t\t<h3 class=\"elementor-heading-title elementor-size-default\">Disseny gr\u00e0fic<\/h3>\t\t\t\t<\/div>\n\t\t\t\t<\/div>\n\t\t\t\t<div class=\"elementor-element elementor-element-b05a44e elementor-widget elementor-widget-heading\" data-id=\"b05a44e\" data-element_type=\"widget\" data-e-type=\"widget\" data-widget_type=\"heading.default\">\n\t\t\t\t<div class=\"elementor-widget-container\">\n\t\t\t\t\t<p class=\"elementor-heading-title elementor-size-default\">Compte amb la nostra creativitat i experi\u00e8ncia per millorar la imatge de la teva marca. Un bon disseny web assegura un estil corporatiu propi, un \u00fas r\u00e0pid i senzill amb una visi\u00f3 clara i un augment de les visites dels usuaris.<\/p>\t\t\t\t<\/div>\n\t\t\t\t<\/div>\n\t\t\t\t\t<\/div>\n\t\t<\/div>\n\t\t\t\t\t<\/div>\n\t\t<\/section>\n\t\t\t\t\t<\/div>\n\t\t<\/div>\n\t\t\t\t\t<\/div>\n\t\t<\/section>\n\t\t\t\t<\/div>\n\t\t","protected":false},"excerpt":{"rendered":"<p>OBRE EL TEU NEGOCI AL M\u00d3N Dissenyem la teva web a mida Gesti\u00f3 i optimitzaci\u00f3 de p\u00e0gines web Oferim disseny, promoci\u00f3 i gesti\u00f3 de la teva p\u00e0gina web Comunicaci\u00f3 digital Tecnologies aplicades a l&#8217;\u00e0mbit de la comunicaci\u00f3 a la xarxa orientades al M\u00e0rqueting empresarial. Oferim posicionament SEO i natural aix\u00ed com la gesti\u00f3 de xarxes [&hellip;]<\/p>\n","protected":false},"author":1,"featured_media":0,"parent":0,"menu_order":0,"comment_status":"closed","ping_status":"closed","template":"elementor_header_footer","meta":{"footnotes":""},"class_list":["post-8515","page","type-page","status-publish","hentry"],"yoast_head":"<!-- This site is optimized with the Yoast SEO plugin v27.5 - https:\/\/yoast.com\/product\/yoast-seo-wordpress\/ -->\n<title>Disseny de pagines web<\/title>\n<meta name=\"description\" content=\"Gesti\u00f3 i optimitzaci\u00f3 de p\u00e0gines web. Oferim disseny, promoci\u00f3 i gesti\u00f3 de la teva p\u00e0gina web\" \/>\n<meta name=\"robots\" content=\"index, follow, max-snippet:-1, max-image-preview:large, max-video-preview:-1\" \/>\n<link rel=\"canonical\" href=\"https:\/\/www.codix.es\/ca\/pagines-web\/\" \/>\n<meta property=\"og:locale\" content=\"ca_ES\" \/>\n<meta property=\"og:type\" content=\"article\" \/>\n<meta property=\"og:title\" content=\"Disseny de pagines web\" \/>\n<meta property=\"og:description\" content=\"Gesti\u00f3 i optimitzaci\u00f3 de p\u00e0gines web. Oferim disseny, promoci\u00f3 i gesti\u00f3 de la teva p\u00e0gina web\" \/>\n<meta property=\"og:url\" content=\"https:\/\/www.codix.es\/ca\/pagines-web\/\" \/>\n<meta property=\"og:site_name\" content=\"codix\" \/>\n<meta property=\"article:publisher\" content=\"https:\/\/www.facebook.com\/Codix-Sistemes-Informatics-SL-183906981636700\/\" \/>\n<meta property=\"article:modified_time\" content=\"2024-03-12T16:19:07+00:00\" \/>\n<meta name=\"twitter:card\" content=\"summary_large_image\" \/>\n<meta name=\"twitter:label1\" content=\"Est. reading time\" \/>\n\t<meta name=\"twitter:data1\" content=\"2 minutes\" \/>\n<script type=\"application\/ld+json\" class=\"yoast-schema-graph\">{\"@context\":\"https:\\\/\\\/schema.org\",\"@graph\":[{\"@type\":\"WebPage\",\"@id\":\"https:\\\/\\\/www.codix.es\\\/ca\\\/pagines-web\\\/\",\"url\":\"https:\\\/\\\/www.codix.es\\\/ca\\\/pagines-web\\\/\",\"name\":\"Disseny de pagines web\",\"isPartOf\":{\"@id\":\"https:\\\/\\\/www.codix.es\\\/#website\"},\"datePublished\":\"2022-12-02T16:59:53+00:00\",\"dateModified\":\"2024-03-12T16:19:07+00:00\",\"description\":\"Gesti\u00f3 i optimitzaci\u00f3 de p\u00e0gines web. Oferim disseny, promoci\u00f3 i gesti\u00f3 de la teva p\u00e0gina web\",\"breadcrumb\":{\"@id\":\"https:\\\/\\\/www.codix.es\\\/ca\\\/pagines-web\\\/#breadcrumb\"},\"inLanguage\":\"ca-ES\",\"potentialAction\":[{\"@type\":\"ReadAction\",\"target\":[\"https:\\\/\\\/www.codix.es\\\/ca\\\/pagines-web\\\/\"]}]},{\"@type\":\"BreadcrumbList\",\"@id\":\"https:\\\/\\\/www.codix.es\\\/ca\\\/pagines-web\\\/#breadcrumb\",\"itemListElement\":[{\"@type\":\"ListItem\",\"position\":1,\"name\":\"Home\",\"item\":\"https:\\\/\\\/www.codix.es\\\/ca\\\/home\\\/\"},{\"@type\":\"ListItem\",\"position\":2,\"name\":\"P\u00e0gines web\"}]},{\"@type\":\"WebSite\",\"@id\":\"https:\\\/\\\/www.codix.es\\\/#website\",\"url\":\"https:\\\/\\\/www.codix.es\\\/\",\"name\":\"codix\",\"description\":\"informatica terrassa\",\"publisher\":{\"@id\":\"https:\\\/\\\/www.codix.es\\\/#organization\"},\"potentialAction\":[{\"@type\":\"SearchAction\",\"target\":{\"@type\":\"EntryPoint\",\"urlTemplate\":\"https:\\\/\\\/www.codix.es\\\/?s={search_term_string}\"},\"query-input\":{\"@type\":\"PropertyValueSpecification\",\"valueRequired\":true,\"valueName\":\"search_term_string\"}}],\"inLanguage\":\"ca-ES\"},{\"@type\":\"Organization\",\"@id\":\"https:\\\/\\\/www.codix.es\\\/#organization\",\"name\":\"codix\",\"url\":\"https:\\\/\\\/www.codix.es\\\/\",\"logo\":{\"@type\":\"ImageObject\",\"inLanguage\":\"ca-ES\",\"@id\":\"https:\\\/\\\/www.codix.es\\\/#\\\/schema\\\/logo\\\/image\\\/\",\"url\":\"https:\\\/\\\/www.codix.es\\\/wp-content\\\/uploads\\\/2022\\\/08\\\/codix-logo-trans.svg\",\"contentUrl\":\"https:\\\/\\\/www.codix.es\\\/wp-content\\\/uploads\\\/2022\\\/08\\\/codix-logo-trans.svg\",\"width\":800,\"height\":203,\"caption\":\"codix\"},\"image\":{\"@id\":\"https:\\\/\\\/www.codix.es\\\/#\\\/schema\\\/logo\\\/image\\\/\"},\"sameAs\":[\"https:\\\/\\\/www.facebook.com\\\/Codix-Sistemes-Informatics-SL-183906981636700\\\/\"]}]}<\/script>\n<!-- \/ Yoast SEO plugin. -->","yoast_head_json":{"title":"Disseny de pagines web","description":"Gesti\u00f3 i optimitzaci\u00f3 de p\u00e0gines web. Oferim disseny, promoci\u00f3 i gesti\u00f3 de la teva p\u00e0gina web","robots":{"index":"index","follow":"follow","max-snippet":"max-snippet:-1","max-image-preview":"max-image-preview:large","max-video-preview":"max-video-preview:-1"},"canonical":"https:\/\/www.codix.es\/ca\/pagines-web\/","og_locale":"ca_ES","og_type":"article","og_title":"Disseny de pagines web","og_description":"Gesti\u00f3 i optimitzaci\u00f3 de p\u00e0gines web. Oferim disseny, promoci\u00f3 i gesti\u00f3 de la teva p\u00e0gina web","og_url":"https:\/\/www.codix.es\/ca\/pagines-web\/","og_site_name":"codix","article_publisher":"https:\/\/www.facebook.com\/Codix-Sistemes-Informatics-SL-183906981636700\/","article_modified_time":"2024-03-12T16:19:07+00:00","twitter_card":"summary_large_image","twitter_misc":{"Est. reading time":"2 minutes"},"schema":{"@context":"https:\/\/schema.org","@graph":[{"@type":"WebPage","@id":"https:\/\/www.codix.es\/ca\/pagines-web\/","url":"https:\/\/www.codix.es\/ca\/pagines-web\/","name":"Disseny de pagines web","isPartOf":{"@id":"https:\/\/www.codix.es\/#website"},"datePublished":"2022-12-02T16:59:53+00:00","dateModified":"2024-03-12T16:19:07+00:00","description":"Gesti\u00f3 i optimitzaci\u00f3 de p\u00e0gines web. Oferim disseny, promoci\u00f3 i gesti\u00f3 de la teva p\u00e0gina web","breadcrumb":{"@id":"https:\/\/www.codix.es\/ca\/pagines-web\/#breadcrumb"},"inLanguage":"ca-ES","potentialAction":[{"@type":"ReadAction","target":["https:\/\/www.codix.es\/ca\/pagines-web\/"]}]},{"@type":"BreadcrumbList","@id":"https:\/\/www.codix.es\/ca\/pagines-web\/#breadcrumb","itemListElement":[{"@type":"ListItem","position":1,"name":"Home","item":"https:\/\/www.codix.es\/ca\/home\/"},{"@type":"ListItem","position":2,"name":"P\u00e0gines web"}]},{"@type":"WebSite","@id":"https:\/\/www.codix.es\/#website","url":"https:\/\/www.codix.es\/","name":"codix","description":"informatica terrassa","publisher":{"@id":"https:\/\/www.codix.es\/#organization"},"potentialAction":[{"@type":"SearchAction","target":{"@type":"EntryPoint","urlTemplate":"https:\/\/www.codix.es\/?s={search_term_string}"},"query-input":{"@type":"PropertyValueSpecification","valueRequired":true,"valueName":"search_term_string"}}],"inLanguage":"ca-ES"},{"@type":"Organization","@id":"https:\/\/www.codix.es\/#organization","name":"codix","url":"https:\/\/www.codix.es\/","logo":{"@type":"ImageObject","inLanguage":"ca-ES","@id":"https:\/\/www.codix.es\/#\/schema\/logo\/image\/","url":"https:\/\/www.codix.es\/wp-content\/uploads\/2022\/08\/codix-logo-trans.svg","contentUrl":"https:\/\/www.codix.es\/wp-content\/uploads\/2022\/08\/codix-logo-trans.svg","width":800,"height":203,"caption":"codix"},"image":{"@id":"https:\/\/www.codix.es\/#\/schema\/logo\/image\/"},"sameAs":["https:\/\/www.facebook.com\/Codix-Sistemes-Informatics-SL-183906981636700\/"]}]}},"_links":{"self":[{"href":"https:\/\/www.codix.es\/ca\/wp-json\/wp\/v2\/pages\/8515","targetHints":{"allow":["GET"]}}],"collection":[{"href":"https:\/\/www.codix.es\/ca\/wp-json\/wp\/v2\/pages"}],"about":[{"href":"https:\/\/www.codix.es\/ca\/wp-json\/wp\/v2\/types\/page"}],"author":[{"embeddable":true,"href":"https:\/\/www.codix.es\/ca\/wp-json\/wp\/v2\/users\/1"}],"replies":[{"embeddable":true,"href":"https:\/\/www.codix.es\/ca\/wp-json\/wp\/v2\/comments?post=8515"}],"version-history":[{"count":0,"href":"https:\/\/www.codix.es\/ca\/wp-json\/wp\/v2\/pages\/8515\/revisions"}],"wp:attachment":[{"href":"https:\/\/www.codix.es\/ca\/wp-json\/wp\/v2\/media?parent=8515"}],"curies":[{"name":"wp","href":"https:\/\/api.w.org\/{rel}","templated":true}]}}