{"id":8517,"date":"2022-12-02T16:59:53","date_gmt":"2022-12-02T16:59:53","guid":{"rendered":"https:\/\/www.codix.es\/consultoria-2\/"},"modified":"2022-12-02T16:59:54","modified_gmt":"2022-12-02T16:59:54","slug":"consultoria-2","status":"publish","type":"page","link":"https:\/\/www.codix.es\/ca\/consultoria-2\/","title":{"rendered":"Consultoria"},"content":{"rendered":"\t\t<div data-elementor-type=\"wp-page\" data-elementor-id=\"8517\" class=\"elementor elementor-8517 elementor-7654\" data-elementor-post-type=\"page\">\n\t\t\t\t\t\t<section class=\"elementor-section elementor-top-section elementor-element elementor-element-a1df3f5 elementor-section-stretched elementor-section-full_width elementor-section-height-min-height elementor-section-height-default elementor-section-items-middle\" data-id=\"a1df3f5\" data-element_type=\"section\" data-e-type=\"section\" data-settings=\"{&quot;stretch_section&quot;:&quot;section-stretched&quot;,&quot;background_background&quot;:&quot;classic&quot;}\">\n\t\t\t\t\t\t\t<div class=\"elementor-background-overlay\"><\/div>\n\t\t\t\t\t\t\t<div class=\"elementor-container elementor-column-gap-default\">\n\t\t\t\t\t<div class=\"elementor-column elementor-col-100 elementor-top-column elementor-element elementor-element-6be6bd6\" data-id=\"6be6bd6\" data-element_type=\"column\" data-e-type=\"column\">\n\t\t\t<div class=\"elementor-widget-wrap elementor-element-populated\">\n\t\t\t\t\t\t<div class=\"elementor-element elementor-element-c848fe0 elementor-widget elementor-widget-heading\" data-id=\"c848fe0\" data-element_type=\"widget\" data-e-type=\"widget\" data-widget_type=\"heading.default\">\n\t\t\t\t<div class=\"elementor-widget-container\">\n\t\t\t\t\t<h2 class=\"elementor-heading-title elementor-size-default\">UNA ALTRA FORMA DE VEURE LES COSES<\/h2>\t\t\t\t<\/div>\n\t\t\t\t<\/div>\n\t\t\t\t<div class=\"elementor-element elementor-element-f41092a elementor-widget elementor-widget-heading\" data-id=\"f41092a\" data-element_type=\"widget\" data-e-type=\"widget\" data-widget_type=\"heading.default\">\n\t\t\t\t<div class=\"elementor-widget-container\">\n\t\t\t\t\t<h4 class=\"elementor-heading-title elementor-size-default\">No hi ha dues empreses iguals<\/h4>\t\t\t\t<\/div>\n\t\t\t\t<\/div>\n\t\t\t\t\t<\/div>\n\t\t<\/div>\n\t\t\t\t\t<\/div>\n\t\t<\/section>\n\t\t\t\t<section class=\"elementor-section elementor-top-section elementor-element elementor-element-9758211 elementor-section-stretched elementor-section-full_width elementor-section-height-default elementor-section-height-default\" data-id=\"9758211\" data-element_type=\"section\" data-e-type=\"section\" data-settings=\"{&quot;stretch_section&quot;:&quot;section-stretched&quot;,&quot;background_background&quot;:&quot;classic&quot;}\">\n\t\t\t\t\t\t<div class=\"elementor-container elementor-column-gap-default\">\n\t\t\t\t\t<div class=\"elementor-column elementor-col-100 elementor-top-column elementor-element elementor-element-ea6ce79\" data-id=\"ea6ce79\" data-element_type=\"column\" data-e-type=\"column\">\n\t\t\t<div class=\"elementor-widget-wrap elementor-element-populated\">\n\t\t\t\t\t\t<section class=\"elementor-section elementor-inner-section elementor-element elementor-element-89d3d20 elementor-section-full_width elementor-section-height-default elementor-section-height-default\" data-id=\"89d3d20\" data-element_type=\"section\" data-e-type=\"section\" data-settings=\"{&quot;background_background&quot;:&quot;classic&quot;}\">\n\t\t\t\t\t\t<div class=\"elementor-container elementor-column-gap-default\">\n\t\t\t\t\t<div class=\"elementor-column elementor-col-50 elementor-inner-column elementor-element elementor-element-3021cb1\" data-id=\"3021cb1\" data-element_type=\"column\" data-e-type=\"column\">\n\t\t\t<div class=\"elementor-widget-wrap elementor-element-populated\">\n\t\t\t\t\t\t<div class=\"elementor-element elementor-element-336b5e7 elementor-widget elementor-widget-heading\" data-id=\"336b5e7\" data-element_type=\"widget\" data-e-type=\"widget\" data-widget_type=\"heading.default\">\n\t\t\t\t<div class=\"elementor-widget-container\">\n\t\t\t\t\t<h3 class=\"elementor-heading-title elementor-size-default\">CONSULTORIA PER A EMPRESES<\/h3>\t\t\t\t<\/div>\n\t\t\t\t<\/div>\n\t\t\t\t<div class=\"elementor-element elementor-element-eae208c elementor-widget elementor-widget-heading\" data-id=\"eae208c\" data-element_type=\"widget\" data-e-type=\"widget\" data-widget_type=\"heading.default\">\n\t\t\t\t<div class=\"elementor-widget-container\">\n\t\t\t\t\t<h6 class=\"elementor-heading-title elementor-size-default\">Aprofita la nostra experi\u00e8ncia<\/h6>\t\t\t\t<\/div>\n\t\t\t\t<\/div>\n\t\t\t\t<div class=\"elementor-element elementor-element-6b39a10 elementor-widget elementor-widget-text-editor\" data-id=\"6b39a10\" data-element_type=\"widget\" data-e-type=\"widget\" data-widget_type=\"text-editor.default\">\n\t\t\t\t<div class=\"elementor-widget-container\">\n\t\t\t\t\t\t\t\t\t<p>Codix ofereix el seu servei de consultoria a empreses que estan en expansi\u00f3 i volen aprofitar els avantatges que les noves tecnologies poden proporcionar per fer cr\u00e9ixer el seu negoci, i tamb\u00e9 a aquelles ja consolidades que es volen actualitzar o optimitzar els seus recursos inform\u00e0tics. Tot plegat amb un cost ajustat i competitiu, ja que utilitzem sistemes no propietaris, no havent de pagar costoses llic\u00e8ncies vinculants.<\/p>\n<p>Fem que les noves tecnologies treballin a favor de la teva empresa perqu\u00e8 creixi amb un retorn d&#8217;inversi\u00f3 excel\u00b7lent i eliminant les costoses barreres d&#8217;entrada.<\/p>\n<p>Actualment comptem amb analistes, consultors, comercials, t\u00e8cnics i programadors per a la realitzaci\u00f3 del m\u00e9s complet assessorament. Despr\u00e9s de les entrevistes per a estudis preliminars i an\u00e0lisis dels requeriments <span class=\"\">del client,<\/span> treballem de manera que el resultat sigui \u00f2ptim, ajustat i sense que <span class=\"\">es disparin els<\/span> costos de disseny, desenvolupament i implementaci\u00f3. Ens fem <span class=\"\">c\u00e0rrec de tot<\/span> <span class=\"\">, incl\u00f2s el suport<\/span> posterior del projecte.<\/p>\n\t\t\t\t\t\t\t\t<\/div>\n\t\t\t\t<\/div>\n\t\t\t\t\t<\/div>\n\t\t<\/div>\n\t\t\t\t<div class=\"elementor-column elementor-col-50 elementor-inner-column elementor-element elementor-element-d546d62\" data-id=\"d546d62\" data-element_type=\"column\" data-e-type=\"column\" data-settings=\"{&quot;background_background&quot;:&quot;classic&quot;}\">\n\t\t\t<div class=\"elementor-widget-wrap elementor-element-populated\">\n\t\t\t\t\t\t<div class=\"elementor-element elementor-element-5496c6d elementor-widget elementor-widget-heading\" data-id=\"5496c6d\" data-element_type=\"widget\" data-e-type=\"widget\" data-widget_type=\"heading.default\">\n\t\t\t\t<div class=\"elementor-widget-container\">\n\t\t\t\t\t<h3 class=\"elementor-heading-title elementor-size-default\">\u00c0rees de negoci:<\/h3>\t\t\t\t<\/div>\n\t\t\t\t<\/div>\n\t\t\t\t<div class=\"elementor-element elementor-element-679b4f8 elementor-widget elementor-widget-text-editor\" data-id=\"679b4f8\" data-element_type=\"widget\" data-e-type=\"widget\" data-widget_type=\"text-editor.default\">\n\t\t\t\t<div class=\"elementor-widget-container\">\n\t\t\t\t\t\t\t\t\t<ul>\n \t<li>Optimitzaci\u00f3 de recursos<\/li>\n \t<li>An\u00e0lisi i integraci\u00f3 de sistemes<\/li>\n \t<li>Desenvolupament de projectes a mida<\/li>\n \t<li>Internet i telecomunicacions<\/li>\n \t<li>Manteniment de maquinari i sistemes<\/li>\n \t<li>Suport t\u00e8cnic<\/li>\n \t<li>Formaci\u00f3 sobre els nostres productes<\/li>\n<\/ul>\t\t\t\t\t\t\t\t<\/div>\n\t\t\t\t<\/div>\n\t\t\t\t\t<\/div>\n\t\t<\/div>\n\t\t\t\t\t<\/div>\n\t\t<\/section>\n\t\t\t\t\t<\/div>\n\t\t<\/div>\n\t\t\t\t\t<\/div>\n\t\t<\/section>\n\t\t\t\t<\/div>\n\t\t","protected":false},"excerpt":{"rendered":"<p>UNA ALTRA FORMA DE VEURE LES COSES No hi ha dues empreses iguals CONSULTORIA PER A EMPRESES Aprofita la nostra experi\u00e8ncia Codix ofereix el seu servei de consultoria a empreses que estan en expansi\u00f3 i volen aprofitar els avantatges que les noves tecnologies poden proporcionar per fer cr\u00e9ixer el seu negoci, i tamb\u00e9 a aquelles [&hellip;]<\/p>\n","protected":false},"author":1,"featured_media":0,"parent":0,"menu_order":0,"comment_status":"closed","ping_status":"closed","template":"elementor_header_footer","meta":{"footnotes":""},"class_list":["post-8517","page","type-page","status-publish","hentry"],"yoast_head":"<!-- This site is optimized with the Yoast SEO plugin v27.5 - https:\/\/yoast.com\/product\/yoast-seo-wordpress\/ -->\n<title>Consultoria inform\u00e0tica. Una altra manera de veure les coses.<\/title>\n<meta name=\"description\" content=\"Codix ofereix el servei de consultoria a empreses que estan en expansi\u00f3 i volen aprofitar els avantatges que les noves tecnologies\" \/>\n<meta name=\"robots\" content=\"index, follow, max-snippet:-1, max-image-preview:large, max-video-preview:-1\" \/>\n<link rel=\"canonical\" href=\"https:\/\/www.codix.es\/ca\/consultoria-2\/\" \/>\n<meta property=\"og:locale\" content=\"ca_ES\" \/>\n<meta property=\"og:type\" content=\"article\" \/>\n<meta property=\"og:title\" content=\"Consultoria inform\u00e0tica. Una altra manera de veure les coses.\" \/>\n<meta property=\"og:description\" content=\"Codix ofereix el servei de consultoria a empreses que estan en expansi\u00f3 i volen aprofitar els avantatges que les noves tecnologies\" \/>\n<meta property=\"og:url\" content=\"https:\/\/www.codix.es\/ca\/consultoria-2\/\" \/>\n<meta property=\"og:site_name\" content=\"codix\" \/>\n<meta property=\"article:publisher\" content=\"https:\/\/www.facebook.com\/Codix-Sistemes-Informatics-SL-183906981636700\/\" \/>\n<meta property=\"article:modified_time\" content=\"2022-12-02T16:59:54+00:00\" \/>\n<meta name=\"twitter:card\" content=\"summary_large_image\" \/>\n<meta name=\"twitter:label1\" content=\"Est. reading time\" \/>\n\t<meta name=\"twitter:data1\" content=\"1 minute\" \/>\n<script type=\"application\/ld+json\" class=\"yoast-schema-graph\">{\"@context\":\"https:\\\/\\\/schema.org\",\"@graph\":[{\"@type\":\"WebPage\",\"@id\":\"https:\\\/\\\/www.codix.es\\\/ca\\\/consultoria-2\\\/\",\"url\":\"https:\\\/\\\/www.codix.es\\\/ca\\\/consultoria-2\\\/\",\"name\":\"Consultoria inform\u00e0tica. Una altra manera de veure les coses.\",\"isPartOf\":{\"@id\":\"https:\\\/\\\/www.codix.es\\\/#website\"},\"datePublished\":\"2022-12-02T16:59:53+00:00\",\"dateModified\":\"2022-12-02T16:59:54+00:00\",\"description\":\"Codix ofereix el servei de consultoria a empreses que estan en expansi\u00f3 i volen aprofitar els avantatges que les noves tecnologies\",\"breadcrumb\":{\"@id\":\"https:\\\/\\\/www.codix.es\\\/ca\\\/consultoria-2\\\/#breadcrumb\"},\"inLanguage\":\"ca-ES\",\"potentialAction\":[{\"@type\":\"ReadAction\",\"target\":[\"https:\\\/\\\/www.codix.es\\\/ca\\\/consultoria-2\\\/\"]}]},{\"@type\":\"BreadcrumbList\",\"@id\":\"https:\\\/\\\/www.codix.es\\\/ca\\\/consultoria-2\\\/#breadcrumb\",\"itemListElement\":[{\"@type\":\"ListItem\",\"position\":1,\"name\":\"Home\",\"item\":\"https:\\\/\\\/www.codix.es\\\/ca\\\/home\\\/\"},{\"@type\":\"ListItem\",\"position\":2,\"name\":\"Consultoria\"}]},{\"@type\":\"WebSite\",\"@id\":\"https:\\\/\\\/www.codix.es\\\/#website\",\"url\":\"https:\\\/\\\/www.codix.es\\\/\",\"name\":\"codix\",\"description\":\"informatica terrassa\",\"publisher\":{\"@id\":\"https:\\\/\\\/www.codix.es\\\/#organization\"},\"potentialAction\":[{\"@type\":\"SearchAction\",\"target\":{\"@type\":\"EntryPoint\",\"urlTemplate\":\"https:\\\/\\\/www.codix.es\\\/?s={search_term_string}\"},\"query-input\":{\"@type\":\"PropertyValueSpecification\",\"valueRequired\":true,\"valueName\":\"search_term_string\"}}],\"inLanguage\":\"ca-ES\"},{\"@type\":\"Organization\",\"@id\":\"https:\\\/\\\/www.codix.es\\\/#organization\",\"name\":\"codix\",\"url\":\"https:\\\/\\\/www.codix.es\\\/\",\"logo\":{\"@type\":\"ImageObject\",\"inLanguage\":\"ca-ES\",\"@id\":\"https:\\\/\\\/www.codix.es\\\/#\\\/schema\\\/logo\\\/image\\\/\",\"url\":\"https:\\\/\\\/www.codix.es\\\/wp-content\\\/uploads\\\/2022\\\/08\\\/codix-logo-trans.svg\",\"contentUrl\":\"https:\\\/\\\/www.codix.es\\\/wp-content\\\/uploads\\\/2022\\\/08\\\/codix-logo-trans.svg\",\"width\":800,\"height\":203,\"caption\":\"codix\"},\"image\":{\"@id\":\"https:\\\/\\\/www.codix.es\\\/#\\\/schema\\\/logo\\\/image\\\/\"},\"sameAs\":[\"https:\\\/\\\/www.facebook.com\\\/Codix-Sistemes-Informatics-SL-183906981636700\\\/\"]}]}<\/script>\n<!-- \/ Yoast SEO plugin. -->","yoast_head_json":{"title":"Consultoria inform\u00e0tica. Una altra manera de veure les coses.","description":"Codix ofereix el servei de consultoria a empreses que estan en expansi\u00f3 i volen aprofitar els avantatges que les noves tecnologies","robots":{"index":"index","follow":"follow","max-snippet":"max-snippet:-1","max-image-preview":"max-image-preview:large","max-video-preview":"max-video-preview:-1"},"canonical":"https:\/\/www.codix.es\/ca\/consultoria-2\/","og_locale":"ca_ES","og_type":"article","og_title":"Consultoria inform\u00e0tica. Una altra manera de veure les coses.","og_description":"Codix ofereix el servei de consultoria a empreses que estan en expansi\u00f3 i volen aprofitar els avantatges que les noves tecnologies","og_url":"https:\/\/www.codix.es\/ca\/consultoria-2\/","og_site_name":"codix","article_publisher":"https:\/\/www.facebook.com\/Codix-Sistemes-Informatics-SL-183906981636700\/","article_modified_time":"2022-12-02T16:59:54+00:00","twitter_card":"summary_large_image","twitter_misc":{"Est. reading time":"1 minute"},"schema":{"@context":"https:\/\/schema.org","@graph":[{"@type":"WebPage","@id":"https:\/\/www.codix.es\/ca\/consultoria-2\/","url":"https:\/\/www.codix.es\/ca\/consultoria-2\/","name":"Consultoria inform\u00e0tica. Una altra manera de veure les coses.","isPartOf":{"@id":"https:\/\/www.codix.es\/#website"},"datePublished":"2022-12-02T16:59:53+00:00","dateModified":"2022-12-02T16:59:54+00:00","description":"Codix ofereix el servei de consultoria a empreses que estan en expansi\u00f3 i volen aprofitar els avantatges que les noves tecnologies","breadcrumb":{"@id":"https:\/\/www.codix.es\/ca\/consultoria-2\/#breadcrumb"},"inLanguage":"ca-ES","potentialAction":[{"@type":"ReadAction","target":["https:\/\/www.codix.es\/ca\/consultoria-2\/"]}]},{"@type":"BreadcrumbList","@id":"https:\/\/www.codix.es\/ca\/consultoria-2\/#breadcrumb","itemListElement":[{"@type":"ListItem","position":1,"name":"Home","item":"https:\/\/www.codix.es\/ca\/home\/"},{"@type":"ListItem","position":2,"name":"Consultoria"}]},{"@type":"WebSite","@id":"https:\/\/www.codix.es\/#website","url":"https:\/\/www.codix.es\/","name":"codix","description":"informatica terrassa","publisher":{"@id":"https:\/\/www.codix.es\/#organization"},"potentialAction":[{"@type":"SearchAction","target":{"@type":"EntryPoint","urlTemplate":"https:\/\/www.codix.es\/?s={search_term_string}"},"query-input":{"@type":"PropertyValueSpecification","valueRequired":true,"valueName":"search_term_string"}}],"inLanguage":"ca-ES"},{"@type":"Organization","@id":"https:\/\/www.codix.es\/#organization","name":"codix","url":"https:\/\/www.codix.es\/","logo":{"@type":"ImageObject","inLanguage":"ca-ES","@id":"https:\/\/www.codix.es\/#\/schema\/logo\/image\/","url":"https:\/\/www.codix.es\/wp-content\/uploads\/2022\/08\/codix-logo-trans.svg","contentUrl":"https:\/\/www.codix.es\/wp-content\/uploads\/2022\/08\/codix-logo-trans.svg","width":800,"height":203,"caption":"codix"},"image":{"@id":"https:\/\/www.codix.es\/#\/schema\/logo\/image\/"},"sameAs":["https:\/\/www.facebook.com\/Codix-Sistemes-Informatics-SL-183906981636700\/"]}]}},"_links":{"self":[{"href":"https:\/\/www.codix.es\/ca\/wp-json\/wp\/v2\/pages\/8517","targetHints":{"allow":["GET"]}}],"collection":[{"href":"https:\/\/www.codix.es\/ca\/wp-json\/wp\/v2\/pages"}],"about":[{"href":"https:\/\/www.codix.es\/ca\/wp-json\/wp\/v2\/types\/page"}],"author":[{"embeddable":true,"href":"https:\/\/www.codix.es\/ca\/wp-json\/wp\/v2\/users\/1"}],"replies":[{"embeddable":true,"href":"https:\/\/www.codix.es\/ca\/wp-json\/wp\/v2\/comments?post=8517"}],"version-history":[{"count":0,"href":"https:\/\/www.codix.es\/ca\/wp-json\/wp\/v2\/pages\/8517\/revisions"}],"wp:attachment":[{"href":"https:\/\/www.codix.es\/ca\/wp-json\/wp\/v2\/media?parent=8517"}],"curies":[{"name":"wp","href":"https:\/\/api.w.org\/{rel}","templated":true}]}}