{"id":9144,"date":"2023-09-09T10:18:02","date_gmt":"2023-09-09T10:18:02","guid":{"rendered":"https:\/\/www.codix.es\/microsoft-azure\/"},"modified":"2023-09-09T14:37:15","modified_gmt":"2023-09-09T14:37:15","slug":"microsoft-azure","status":"publish","type":"page","link":"https:\/\/www.codix.es\/ca\/microsoft-azure\/","title":{"rendered":"Microsoft azure"},"content":{"rendered":"\t\t<div data-elementor-type=\"wp-page\" data-elementor-id=\"9144\" class=\"elementor elementor-9144 elementor-8957\" data-elementor-post-type=\"page\">\n\t\t\t\t\t\t<section class=\"elementor-section elementor-top-section elementor-element elementor-element-9758211 elementor-section-stretched elementor-section-full_width elementor-section-height-default elementor-section-height-default\" data-id=\"9758211\" data-element_type=\"section\" data-e-type=\"section\" data-settings=\"{&quot;stretch_section&quot;:&quot;section-stretched&quot;,&quot;background_background&quot;:&quot;classic&quot;}\">\n\t\t\t\t\t\t<div class=\"elementor-container elementor-column-gap-default\">\n\t\t\t\t\t<div class=\"elementor-column elementor-col-100 elementor-top-column elementor-element elementor-element-ea6ce79\" data-id=\"ea6ce79\" data-element_type=\"column\" data-e-type=\"column\">\n\t\t\t<div class=\"elementor-widget-wrap elementor-element-populated\">\n\t\t\t\t\t\t<section class=\"elementor-section elementor-inner-section elementor-element elementor-element-89d3d20 elementor-section-full_width elementor-section-height-default elementor-section-height-default\" data-id=\"89d3d20\" data-element_type=\"section\" data-e-type=\"section\" data-settings=\"{&quot;background_background&quot;:&quot;classic&quot;}\">\n\t\t\t\t\t\t\t<div class=\"elementor-background-overlay\"><\/div>\n\t\t\t\t\t\t\t<div class=\"elementor-container elementor-column-gap-default\">\n\t\t\t\t\t<div class=\"elementor-column elementor-col-100 elementor-inner-column elementor-element elementor-element-3021cb1\" data-id=\"3021cb1\" data-element_type=\"column\" data-e-type=\"column\">\n\t\t\t<div class=\"elementor-widget-wrap elementor-element-populated\">\n\t\t\t\t\t\t<div class=\"elementor-element elementor-element-c6a1334 elementor-widget elementor-widget-spacer\" data-id=\"c6a1334\" data-element_type=\"widget\" data-e-type=\"widget\" data-widget_type=\"spacer.default\">\n\t\t\t\t<div class=\"elementor-widget-container\">\n\t\t\t\t\t\t\t<div class=\"elementor-spacer\">\n\t\t\t<div class=\"elementor-spacer-inner\"><\/div>\n\t\t<\/div>\n\t\t\t\t\t\t<\/div>\n\t\t\t\t<\/div>\n\t\t\t\t\t<\/div>\n\t\t<\/div>\n\t\t\t\t\t<\/div>\n\t\t<\/section>\n\t\t\t\t<section class=\"elementor-section elementor-inner-section elementor-element elementor-element-3ad91c6 elementor-section-full_width elementor-section-height-default elementor-section-height-default\" data-id=\"3ad91c6\" data-element_type=\"section\" data-e-type=\"section\" data-settings=\"{&quot;background_background&quot;:&quot;classic&quot;}\">\n\t\t\t\t\t\t<div class=\"elementor-container elementor-column-gap-default\">\n\t\t\t\t\t<div class=\"elementor-column elementor-col-100 elementor-inner-column elementor-element elementor-element-4c25f39\" data-id=\"4c25f39\" data-element_type=\"column\" data-e-type=\"column\">\n\t\t\t<div class=\"elementor-widget-wrap elementor-element-populated\">\n\t\t\t\t\t\t<div class=\"elementor-element elementor-element-2ef02e1 elementor-widget elementor-widget-heading\" data-id=\"2ef02e1\" data-element_type=\"widget\" data-e-type=\"widget\" data-widget_type=\"heading.default\">\n\t\t\t\t<div class=\"elementor-widget-container\">\n\t\t\t\t\t<h3 class=\"elementor-heading-title elementor-size-default\">MICROSOFT AZURE<\/h3>\t\t\t\t<\/div>\n\t\t\t\t<\/div>\n\t\t\t\t<div class=\"elementor-element elementor-element-7aadbf4 elementor-widget elementor-widget-heading\" data-id=\"7aadbf4\" data-element_type=\"widget\" data-e-type=\"widget\" data-widget_type=\"heading.default\">\n\t\t\t\t<div class=\"elementor-widget-container\">\n\t\t\t\t\t<h5 class=\"elementor-heading-title elementor-size-default\">La plataforma de computaci\u00f3 en n\u00favol obert i flexible per a empreses<\/h5>\t\t\t\t<\/div>\n\t\t\t\t<\/div>\n\t\t\t\t<div class=\"elementor-element elementor-element-6b39a10 elementor-widget elementor-widget-text-editor\" data-id=\"6b39a10\" data-element_type=\"widget\" data-e-type=\"widget\" data-widget_type=\"text-editor.default\">\n\t\t\t\t<div class=\"elementor-widget-container\">\n\t\t\t\t\t\t\t\t\t<p>Podeu externalitzar la pot\u00e8ncia de c\u00e0lcul i les capacitats d&#8217;emmagatzematge (Infraestructura com a Servei = IaaS) i tamb\u00e9 les plataformes (PaaS) a un prove\u00efdor de serveis. Amb IaaS i PaaS, actues m\u00e9s r\u00e0pid, completes les teves tasques de forma m\u00e9s eficient i redu\u00efxes els costos.<\/p>\n\t\t\t\t\t\t\t\t<\/div>\n\t\t\t\t<\/div>\n\t\t\t\t<div class=\"elementor-element elementor-element-931d1fc elementor-widget elementor-widget-heading\" data-id=\"931d1fc\" data-element_type=\"widget\" data-e-type=\"widget\" data-widget_type=\"heading.default\">\n\t\t\t\t<div class=\"elementor-widget-container\">\n\t\t\t\t\t<h3 class=\"elementor-heading-title elementor-size-default\">Avantatges de la plataforma Microsoft Azure<\/h3>\t\t\t\t<\/div>\n\t\t\t\t<\/div>\n\t\t\t\t<div class=\"elementor-element elementor-element-b6d741b elementor-widget__width-initial elementor-view-default elementor-position-block-start elementor-mobile-position-block-start elementor-widget elementor-widget-icon-box\" data-id=\"b6d741b\" data-element_type=\"widget\" data-e-type=\"widget\" data-widget_type=\"icon-box.default\">\n\t\t\t\t<div class=\"elementor-widget-container\">\n\t\t\t\t\t\t\t<div class=\"elementor-icon-box-wrapper\">\n\n\t\t\t\t\t\t<div class=\"elementor-icon-box-icon\">\n\t\t\t\t<span  class=\"elementor-icon\">\n\t\t\t\t<i aria-hidden=\"true\" class=\"fas fa-check\"><\/i>\t\t\t\t<\/span>\n\t\t\t<\/div>\n\t\t\t\n\t\t\t\t\t\t<div class=\"elementor-icon-box-content\">\n\n\t\t\t\t\n\t\t\t\t\t\t\t\t\t<p class=\"elementor-icon-box-description\">\n\t\t\t\t\t\tAzure \u00e9s el n\u00favol en qu\u00e8 pot confiar. Cada cop m\u00e9s PIMES utilitzen els serveis Azure\t\t\t\t\t<\/p>\n\t\t\t\t\n\t\t\t<\/div>\n\t\t\t\n\t\t<\/div>\n\t\t\t\t\t\t<\/div>\n\t\t\t\t<\/div>\n\t\t\t\t<div class=\"elementor-element elementor-element-53b11a0 elementor-widget__width-initial elementor-view-default elementor-position-block-start elementor-mobile-position-block-start elementor-widget elementor-widget-icon-box\" data-id=\"53b11a0\" data-element_type=\"widget\" data-e-type=\"widget\" data-widget_type=\"icon-box.default\">\n\t\t\t\t<div class=\"elementor-widget-container\">\n\t\t\t\t\t\t\t<div class=\"elementor-icon-box-wrapper\">\n\n\t\t\t\t\t\t<div class=\"elementor-icon-box-icon\">\n\t\t\t\t<span  class=\"elementor-icon\">\n\t\t\t\t<i aria-hidden=\"true\" class=\"fas fa-check\"><\/i>\t\t\t\t<\/span>\n\t\t\t<\/div>\n\t\t\t\n\t\t\t\t\t\t<div class=\"elementor-icon-box-content\">\n\n\t\t\t\t\n\t\t\t\t\t\t\t\t\t<p class=\"elementor-icon-box-description\">\n\t\t\t\t\t\tAzure \u00e9s l'\u00fanic n\u00favol h\u00edbrid consistent. Vinculeu dades i aplicacions localment i al n\u00favol per obtenir la m\u00e0xima portabilitat i un \u00fas \u00f2ptim de les seves inversions actuals.\t\t\t\t\t<\/p>\n\t\t\t\t\n\t\t\t<\/div>\n\t\t\t\n\t\t<\/div>\n\t\t\t\t\t\t<\/div>\n\t\t\t\t<\/div>\n\t\t\t\t<div class=\"elementor-element elementor-element-7c1aade elementor-widget__width-initial elementor-view-default elementor-position-block-start elementor-mobile-position-block-start elementor-widget elementor-widget-icon-box\" data-id=\"7c1aade\" data-element_type=\"widget\" data-e-type=\"widget\" data-widget_type=\"icon-box.default\">\n\t\t\t\t<div class=\"elementor-widget-container\">\n\t\t\t\t\t\t\t<div class=\"elementor-icon-box-wrapper\">\n\n\t\t\t\t\t\t<div class=\"elementor-icon-box-icon\">\n\t\t\t\t<span  class=\"elementor-icon\">\n\t\t\t\t<i aria-hidden=\"true\" class=\"fas fa-check\"><\/i>\t\t\t\t<\/span>\n\t\t\t<\/div>\n\t\t\t\n\t\t\t\t\t\t<div class=\"elementor-icon-box-content\">\n\n\t\t\t\t\n\t\t\t\t\t\t\t\t\t<p class=\"elementor-icon-box-description\">\n\t\t\t\t\t\tEls usuaris d'Azure es beneficien d'una xarxa global de centres de dades per garantir una disponibilitat alta de manera rendible.\t\t\t\t\t<\/p>\n\t\t\t\t\n\t\t\t<\/div>\n\t\t\t\n\t\t<\/div>\n\t\t\t\t\t\t<\/div>\n\t\t\t\t<\/div>\n\t\t\t\t\t<\/div>\n\t\t<\/div>\n\t\t\t\t\t<\/div>\n\t\t<\/section>\n\t\t\t\t<section class=\"elementor-section elementor-inner-section elementor-element elementor-element-f441c8a elementor-section-full_width elementor-section-height-default elementor-section-height-default\" data-id=\"f441c8a\" data-element_type=\"section\" data-e-type=\"section\" data-settings=\"{&quot;background_background&quot;:&quot;classic&quot;}\">\n\t\t\t\t\t\t<div class=\"elementor-container elementor-column-gap-default\">\n\t\t\t\t\t<div class=\"elementor-column elementor-col-100 elementor-inner-column elementor-element elementor-element-75dbddf\" data-id=\"75dbddf\" data-element_type=\"column\" data-e-type=\"column\">\n\t\t\t<div class=\"elementor-widget-wrap elementor-element-populated\">\n\t\t\t\t\t\t<div class=\"elementor-element elementor-element-d3e4f4a elementor-widget elementor-widget-heading\" data-id=\"d3e4f4a\" data-element_type=\"widget\" data-e-type=\"widget\" data-widget_type=\"heading.default\">\n\t\t\t\t<div class=\"elementor-widget-container\">\n\t\t\t\t\t<h3 class=\"elementor-heading-title elementor-size-default\">Microsoft Azure d'una ullada<\/h3>\t\t\t\t<\/div>\n\t\t\t\t<\/div>\n\t\t\t\t<div class=\"elementor-element elementor-element-d26d7c1 elementor-widget elementor-widget-text-editor\" data-id=\"d26d7c1\" data-element_type=\"widget\" data-e-type=\"widget\" data-widget_type=\"text-editor.default\">\n\t\t\t\t<div class=\"elementor-widget-container\">\n\t\t\t\t\t\t\t\t\t<h6 class=\"\">Qu\u00e8 \u00e9s Microsoft Azure?<\/h6>\n<p>Amb <a href=\"https:\/\/azure.microsoft.com\/\">Azure<\/a> , l&#8217;\u00fanic n\u00favol h\u00edbrid consistent del mercat, pot desenvolupar i implantar les seves aplicacions all\u00e0 on vulgui. Vinculeu dades i aplicacions localment i al n\u00favol per obtenir la m\u00e0xima portabilitat i un valor \u00f2ptim de les vostres inversions actuals. Azure ofereix coher\u00e8ncia h\u00edbrida en el desenvolupament, la gesti\u00f3 i la seguretat de les aplicacions, la gesti\u00f3 didentitats i en tota la plataforma de dades.<\/p>\n\t\t\t\t\t\t\t\t<\/div>\n\t\t\t\t<\/div>\n\t\t\t\t\t<\/div>\n\t\t<\/div>\n\t\t\t\t\t<\/div>\n\t\t<\/section>\n\t\t\t\t<section class=\"elementor-section elementor-inner-section elementor-element elementor-element-3016bb1 elementor-section-boxed elementor-section-height-default elementor-section-height-default\" data-id=\"3016bb1\" data-element_type=\"section\" data-e-type=\"section\" data-settings=\"{&quot;background_background&quot;:&quot;classic&quot;}\">\n\t\t\t\t\t\t<div class=\"elementor-container elementor-column-gap-default\">\n\t\t\t\t\t<div class=\"elementor-column elementor-col-100 elementor-inner-column elementor-element elementor-element-2d4b231\" data-id=\"2d4b231\" data-element_type=\"column\" data-e-type=\"column\">\n\t\t\t<div class=\"elementor-widget-wrap\">\n\t\t\t\t\t\t\t<\/div>\n\t\t<\/div>\n\t\t\t\t\t<\/div>\n\t\t<\/section>\n\t\t\t\t<section class=\"elementor-section elementor-inner-section elementor-element elementor-element-25d10fd elementor-section-full_width elementor-section-height-default elementor-section-height-default\" data-id=\"25d10fd\" data-element_type=\"section\" data-e-type=\"section\" data-settings=\"{&quot;background_background&quot;:&quot;classic&quot;}\">\n\t\t\t\t\t\t<div class=\"elementor-container elementor-column-gap-default\">\n\t\t\t\t\t<div class=\"elementor-column elementor-col-100 elementor-inner-column elementor-element elementor-element-5576bbb\" data-id=\"5576bbb\" data-element_type=\"column\" data-e-type=\"column\">\n\t\t\t<div class=\"elementor-widget-wrap elementor-element-populated\">\n\t\t\t\t\t\t<div class=\"elementor-element elementor-element-00bd7bf elementor-widget elementor-widget-heading\" data-id=\"00bd7bf\" data-element_type=\"widget\" data-e-type=\"widget\" data-widget_type=\"heading.default\">\n\t\t\t\t<div class=\"elementor-widget-container\">\n\t\t\t\t\t<h4 class=\"elementor-heading-title elementor-size-default\">N\u00favol h\u00edbrid<\/h4>\t\t\t\t<\/div>\n\t\t\t\t<\/div>\n\t\t\t\t<div class=\"elementor-element elementor-element-09c5832 elementor-widget elementor-widget-heading\" data-id=\"09c5832\" data-element_type=\"widget\" data-e-type=\"widget\" data-widget_type=\"heading.default\">\n\t\t\t\t<div class=\"elementor-widget-container\">\n\t\t\t\t\t<h5 class=\"elementor-heading-title elementor-size-default\">Qu\u00e8 significa n\u00favol p\u00fablic, privat i h\u00edbrid?<\/h5>\t\t\t\t<\/div>\n\t\t\t\t<\/div>\n\t\t\t\t<div class=\"elementor-element elementor-element-f1cb7b4 elementor-widget elementor-widget-text-editor\" data-id=\"f1cb7b4\" data-element_type=\"widget\" data-e-type=\"widget\" data-widget_type=\"text-editor.default\">\n\t\t\t\t<div class=\"elementor-widget-container\">\n\t\t\t\t\t\t\t\t\t<p><span style=\"background-color: transparent;\">El n\u00favol p\u00fablic o cloud p\u00fablic \u00e9s una oferta d&#8217;un prove\u00efdor de lliure acc\u00e9s que posa els serveis a disposici\u00f3 de tot el m\u00f3n a trav\u00e9s d&#8217;Internet.<\/span><\/p>\n<p>Per contra, hi ha els serveis de n\u00favol privat.<\/p>\n<p>Aqu\u00ed, les empreses continuen operant elles mateixes els seus serveis inform\u00e0tics i els fan accessibles exclusivament als seus empleats.<\/p>\n<p>Els n\u00favols h\u00edbrids s\u00f3n formes h\u00edbrides d&#8217;aquests dos enfocaments. D&#8217;aquesta manera, determinats serveis funcionen amb prove\u00efdors p\u00fablics a trav\u00e9s de<\/p>\n<p>Internet, mentre que altres aplicacions i dades s&#8217;operen i es processen dins de l&#8217;empresa.<\/p>\n\t\t\t\t\t\t\t\t<\/div>\n\t\t\t\t<\/div>\n\t\t\t\t\t<\/div>\n\t\t<\/div>\n\t\t\t\t\t<\/div>\n\t\t<\/section>\n\t\t\t\t<section class=\"elementor-section elementor-inner-section elementor-element elementor-element-fbebf70 elementor-section-full_width elementor-section-height-default elementor-section-height-default\" data-id=\"fbebf70\" data-element_type=\"section\" data-e-type=\"section\" data-settings=\"{&quot;background_background&quot;:&quot;classic&quot;}\">\n\t\t\t\t\t\t<div class=\"elementor-container elementor-column-gap-default\">\n\t\t\t\t\t<div class=\"elementor-column elementor-col-100 elementor-inner-column elementor-element elementor-element-71e9172\" data-id=\"71e9172\" data-element_type=\"column\" data-e-type=\"column\">\n\t\t\t<div class=\"elementor-widget-wrap elementor-element-populated\">\n\t\t\t\t\t\t<div class=\"elementor-element elementor-element-64d4ffd elementor-widget elementor-widget-heading\" data-id=\"64d4ffd\" data-element_type=\"widget\" data-e-type=\"widget\" data-widget_type=\"heading.default\">\n\t\t\t\t<div class=\"elementor-widget-container\">\n\t\t\t\t\t<h4 class=\"elementor-heading-title elementor-size-default\">Alta disponibilitat<\/h4>\t\t\t\t<\/div>\n\t\t\t\t<\/div>\n\t\t\t\t<div class=\"elementor-element elementor-element-408518a elementor-widget elementor-widget-heading\" data-id=\"408518a\" data-element_type=\"widget\" data-e-type=\"widget\" data-widget_type=\"heading.default\">\n\t\t\t\t<div class=\"elementor-widget-container\">\n\t\t\t\t\t<h5 class=\"elementor-heading-title elementor-size-default\">Redund\u00e0ncia i recuperaci\u00f3<\/h5>\t\t\t\t<\/div>\n\t\t\t\t<\/div>\n\t\t\t\t<div class=\"elementor-element elementor-element-d78de5e elementor-widget elementor-widget-text-editor\" data-id=\"d78de5e\" data-element_type=\"widget\" data-e-type=\"widget\" data-widget_type=\"text-editor.default\">\n\t\t\t\t<div class=\"elementor-widget-container\">\n\t\t\t\t\t\t\t\t\t<p>Els usuaris d&#8217;Azure es beneficien d&#8217;una xarxa global de centres de dades per garantir una disponibilitat alta de manera rendible. Azure proporciona la infraestructura i els serveis per suportar de forma nativa l&#8217;alta disponibilitat, la recuperaci\u00f3 davant de desastres i la c\u00f2pia de seguretat de les seves aplicacions i dades.<\/p>\n<p>Les dades s&#8217;emmagatzemen localment dins de la regi\u00f3 principal de l&#8217;usuari utilitzant emmagatzematge local redundant (LRS). Mitjan\u00e7ant l&#8217;emmagatzematge georedundant (GRS), les dades es repliquen en una regi\u00f3 d&#8217;emmagatzematge secund\u00e0ria que es troba a m\u00e9s de 400 km de la regi\u00f3 prim\u00e0ria, per\u00f2 a la mateixa zona geogr\u00e0fica.<\/p>\n\t\t\t\t\t\t\t\t<\/div>\n\t\t\t\t<\/div>\n\t\t\t\t\t<\/div>\n\t\t<\/div>\n\t\t\t\t\t<\/div>\n\t\t<\/section>\n\t\t\t\t\t<\/div>\n\t\t<\/div>\n\t\t\t\t\t<\/div>\n\t\t<\/section>\n\t\t\t\t<\/div>\n\t\t","protected":false},"excerpt":{"rendered":"<p>MICROSOFT AZURE La plataforma de computaci\u00f3 en n\u00favol obert i flexible per a empreses Podeu externalitzar la pot\u00e8ncia de c\u00e0lcul i les capacitats d&#8217;emmagatzematge (Infraestructura com a Servei = IaaS) i tamb\u00e9 les plataformes (PaaS) a un prove\u00efdor de serveis. Amb IaaS i PaaS, actues m\u00e9s r\u00e0pid, completes les teves tasques de forma m\u00e9s eficient [&hellip;]<\/p>\n","protected":false},"author":1,"featured_media":0,"parent":0,"menu_order":0,"comment_status":"closed","ping_status":"closed","template":"elementor_header_footer","meta":{"footnotes":""},"class_list":["post-9144","page","type-page","status-publish","hentry"],"yoast_head":"<!-- This site is optimized with the Yoast SEO plugin v27.5 - https:\/\/yoast.com\/product\/yoast-seo-wordpress\/ -->\n<title>Microsoft azure<\/title>\n<meta name=\"description\" content=\"La millor opci\u00f3 per a cossos policials i de seguretat per fer enregistraments tant des del cos com des de vehicles policials o de seguretat\" \/>\n<meta name=\"robots\" content=\"index, follow, max-snippet:-1, max-image-preview:large, max-video-preview:-1\" \/>\n<link rel=\"canonical\" href=\"https:\/\/www.codix.es\/ca\/microsoft-azure\/\" \/>\n<meta property=\"og:locale\" content=\"ca_ES\" \/>\n<meta property=\"og:type\" content=\"article\" \/>\n<meta property=\"og:title\" content=\"Microsoft azure\" \/>\n<meta property=\"og:description\" content=\"La millor opci\u00f3 per a cossos policials i de seguretat per fer enregistraments tant des del cos com des de vehicles policials o de seguretat\" \/>\n<meta property=\"og:url\" content=\"https:\/\/www.codix.es\/ca\/microsoft-azure\/\" \/>\n<meta property=\"og:site_name\" content=\"codix\" \/>\n<meta property=\"article:publisher\" content=\"https:\/\/www.facebook.com\/Codix-Sistemes-Informatics-SL-183906981636700\/\" \/>\n<meta property=\"article:modified_time\" content=\"2023-09-09T14:37:15+00:00\" \/>\n<meta name=\"twitter:card\" content=\"summary_large_image\" \/>\n<meta name=\"twitter:label1\" content=\"Est. reading time\" \/>\n\t<meta name=\"twitter:data1\" content=\"2 minutes\" \/>\n<script type=\"application\/ld+json\" class=\"yoast-schema-graph\">{\"@context\":\"https:\\\/\\\/schema.org\",\"@graph\":[{\"@type\":\"WebPage\",\"@id\":\"https:\\\/\\\/www.codix.es\\\/ca\\\/microsoft-azure\\\/\",\"url\":\"https:\\\/\\\/www.codix.es\\\/ca\\\/microsoft-azure\\\/\",\"name\":\"Microsoft azure\",\"isPartOf\":{\"@id\":\"https:\\\/\\\/www.codix.es\\\/#website\"},\"datePublished\":\"2023-09-09T10:18:02+00:00\",\"dateModified\":\"2023-09-09T14:37:15+00:00\",\"description\":\"La millor opci\u00f3 per a cossos policials i de seguretat per fer enregistraments tant des del cos com des de vehicles policials o de seguretat\",\"breadcrumb\":{\"@id\":\"https:\\\/\\\/www.codix.es\\\/ca\\\/microsoft-azure\\\/#breadcrumb\"},\"inLanguage\":\"ca-ES\",\"potentialAction\":[{\"@type\":\"ReadAction\",\"target\":[\"https:\\\/\\\/www.codix.es\\\/ca\\\/microsoft-azure\\\/\"]}]},{\"@type\":\"BreadcrumbList\",\"@id\":\"https:\\\/\\\/www.codix.es\\\/ca\\\/microsoft-azure\\\/#breadcrumb\",\"itemListElement\":[{\"@type\":\"ListItem\",\"position\":1,\"name\":\"Home\",\"item\":\"https:\\\/\\\/www.codix.es\\\/ca\\\/home\\\/\"},{\"@type\":\"ListItem\",\"position\":2,\"name\":\"Microsoft azure\"}]},{\"@type\":\"WebSite\",\"@id\":\"https:\\\/\\\/www.codix.es\\\/#website\",\"url\":\"https:\\\/\\\/www.codix.es\\\/\",\"name\":\"codix\",\"description\":\"informatica terrassa\",\"publisher\":{\"@id\":\"https:\\\/\\\/www.codix.es\\\/#organization\"},\"potentialAction\":[{\"@type\":\"SearchAction\",\"target\":{\"@type\":\"EntryPoint\",\"urlTemplate\":\"https:\\\/\\\/www.codix.es\\\/?s={search_term_string}\"},\"query-input\":{\"@type\":\"PropertyValueSpecification\",\"valueRequired\":true,\"valueName\":\"search_term_string\"}}],\"inLanguage\":\"ca-ES\"},{\"@type\":\"Organization\",\"@id\":\"https:\\\/\\\/www.codix.es\\\/#organization\",\"name\":\"codix\",\"url\":\"https:\\\/\\\/www.codix.es\\\/\",\"logo\":{\"@type\":\"ImageObject\",\"inLanguage\":\"ca-ES\",\"@id\":\"https:\\\/\\\/www.codix.es\\\/#\\\/schema\\\/logo\\\/image\\\/\",\"url\":\"https:\\\/\\\/www.codix.es\\\/wp-content\\\/uploads\\\/2022\\\/08\\\/codix-logo-trans.svg\",\"contentUrl\":\"https:\\\/\\\/www.codix.es\\\/wp-content\\\/uploads\\\/2022\\\/08\\\/codix-logo-trans.svg\",\"width\":800,\"height\":203,\"caption\":\"codix\"},\"image\":{\"@id\":\"https:\\\/\\\/www.codix.es\\\/#\\\/schema\\\/logo\\\/image\\\/\"},\"sameAs\":[\"https:\\\/\\\/www.facebook.com\\\/Codix-Sistemes-Informatics-SL-183906981636700\\\/\"]}]}<\/script>\n<!-- \/ Yoast SEO plugin. -->","yoast_head_json":{"title":"Microsoft azure","description":"La millor opci\u00f3 per a cossos policials i de seguretat per fer enregistraments tant des del cos com des de vehicles policials o de seguretat","robots":{"index":"index","follow":"follow","max-snippet":"max-snippet:-1","max-image-preview":"max-image-preview:large","max-video-preview":"max-video-preview:-1"},"canonical":"https:\/\/www.codix.es\/ca\/microsoft-azure\/","og_locale":"ca_ES","og_type":"article","og_title":"Microsoft azure","og_description":"La millor opci\u00f3 per a cossos policials i de seguretat per fer enregistraments tant des del cos com des de vehicles policials o de seguretat","og_url":"https:\/\/www.codix.es\/ca\/microsoft-azure\/","og_site_name":"codix","article_publisher":"https:\/\/www.facebook.com\/Codix-Sistemes-Informatics-SL-183906981636700\/","article_modified_time":"2023-09-09T14:37:15+00:00","twitter_card":"summary_large_image","twitter_misc":{"Est. reading time":"2 minutes"},"schema":{"@context":"https:\/\/schema.org","@graph":[{"@type":"WebPage","@id":"https:\/\/www.codix.es\/ca\/microsoft-azure\/","url":"https:\/\/www.codix.es\/ca\/microsoft-azure\/","name":"Microsoft azure","isPartOf":{"@id":"https:\/\/www.codix.es\/#website"},"datePublished":"2023-09-09T10:18:02+00:00","dateModified":"2023-09-09T14:37:15+00:00","description":"La millor opci\u00f3 per a cossos policials i de seguretat per fer enregistraments tant des del cos com des de vehicles policials o de seguretat","breadcrumb":{"@id":"https:\/\/www.codix.es\/ca\/microsoft-azure\/#breadcrumb"},"inLanguage":"ca-ES","potentialAction":[{"@type":"ReadAction","target":["https:\/\/www.codix.es\/ca\/microsoft-azure\/"]}]},{"@type":"BreadcrumbList","@id":"https:\/\/www.codix.es\/ca\/microsoft-azure\/#breadcrumb","itemListElement":[{"@type":"ListItem","position":1,"name":"Home","item":"https:\/\/www.codix.es\/ca\/home\/"},{"@type":"ListItem","position":2,"name":"Microsoft azure"}]},{"@type":"WebSite","@id":"https:\/\/www.codix.es\/#website","url":"https:\/\/www.codix.es\/","name":"codix","description":"informatica terrassa","publisher":{"@id":"https:\/\/www.codix.es\/#organization"},"potentialAction":[{"@type":"SearchAction","target":{"@type":"EntryPoint","urlTemplate":"https:\/\/www.codix.es\/?s={search_term_string}"},"query-input":{"@type":"PropertyValueSpecification","valueRequired":true,"valueName":"search_term_string"}}],"inLanguage":"ca-ES"},{"@type":"Organization","@id":"https:\/\/www.codix.es\/#organization","name":"codix","url":"https:\/\/www.codix.es\/","logo":{"@type":"ImageObject","inLanguage":"ca-ES","@id":"https:\/\/www.codix.es\/#\/schema\/logo\/image\/","url":"https:\/\/www.codix.es\/wp-content\/uploads\/2022\/08\/codix-logo-trans.svg","contentUrl":"https:\/\/www.codix.es\/wp-content\/uploads\/2022\/08\/codix-logo-trans.svg","width":800,"height":203,"caption":"codix"},"image":{"@id":"https:\/\/www.codix.es\/#\/schema\/logo\/image\/"},"sameAs":["https:\/\/www.facebook.com\/Codix-Sistemes-Informatics-SL-183906981636700\/"]}]}},"_links":{"self":[{"href":"https:\/\/www.codix.es\/ca\/wp-json\/wp\/v2\/pages\/9144","targetHints":{"allow":["GET"]}}],"collection":[{"href":"https:\/\/www.codix.es\/ca\/wp-json\/wp\/v2\/pages"}],"about":[{"href":"https:\/\/www.codix.es\/ca\/wp-json\/wp\/v2\/types\/page"}],"author":[{"embeddable":true,"href":"https:\/\/www.codix.es\/ca\/wp-json\/wp\/v2\/users\/1"}],"replies":[{"embeddable":true,"href":"https:\/\/www.codix.es\/ca\/wp-json\/wp\/v2\/comments?post=9144"}],"version-history":[{"count":0,"href":"https:\/\/www.codix.es\/ca\/wp-json\/wp\/v2\/pages\/9144\/revisions"}],"wp:attachment":[{"href":"https:\/\/www.codix.es\/ca\/wp-json\/wp\/v2\/media?parent=9144"}],"curies":[{"name":"wp","href":"https:\/\/api.w.org\/{rel}","templated":true}]}}