{"id":9789,"date":"2025-02-27T15:39:34","date_gmt":"2025-02-27T15:39:34","guid":{"rendered":"https:\/\/www.codix.es\/sonicwall\/"},"modified":"2025-02-27T15:52:26","modified_gmt":"2025-02-27T15:52:26","slug":"sonicwall","status":"publish","type":"page","link":"https:\/\/www.codix.es\/ca\/sonicwall\/","title":{"rendered":"Sonicwall"},"content":{"rendered":"\t\t<div data-elementor-type=\"wp-page\" data-elementor-id=\"9789\" class=\"elementor elementor-9789 elementor-9756\" data-elementor-post-type=\"page\">\n\t\t\t\t\t\t<section class=\"elementor-section elementor-top-section elementor-element elementor-element-db3de3d elementor-section-full_width elementor-section-height-min-height elementor-section-height-default elementor-section-items-middle\" data-id=\"db3de3d\" data-element_type=\"section\" data-e-type=\"section\" data-settings=\"{&quot;background_background&quot;:&quot;classic&quot;}\">\n\t\t\t\t\t\t\t<div class=\"elementor-background-overlay\"><\/div>\n\t\t\t\t\t\t\t<div class=\"elementor-container elementor-column-gap-default\">\n\t\t\t\t\t<div class=\"elementor-column elementor-col-100 elementor-top-column elementor-element elementor-element-1526c82\" data-id=\"1526c82\" data-element_type=\"column\" data-e-type=\"column\">\n\t\t\t<div class=\"elementor-widget-wrap\">\n\t\t\t\t\t\t\t<\/div>\n\t\t<\/div>\n\t\t\t\t\t<\/div>\n\t\t<\/section>\n\t\t\t\t<section class=\"elementor-section elementor-top-section elementor-element elementor-element-51b271d elementor-section-boxed elementor-section-height-default elementor-section-height-default\" data-id=\"51b271d\" data-element_type=\"section\" data-e-type=\"section\" data-settings=\"{&quot;background_background&quot;:&quot;classic&quot;}\">\n\t\t\t\t\t\t<div class=\"elementor-container elementor-column-gap-default\">\n\t\t\t\t\t<div class=\"elementor-column elementor-col-50 elementor-top-column elementor-element elementor-element-2903202 elementor-invisible\" data-id=\"2903202\" data-element_type=\"column\" data-e-type=\"column\" data-settings=\"{&quot;animation&quot;:&quot;fadeInLeft&quot;}\">\n\t\t\t<div class=\"elementor-widget-wrap elementor-element-populated\">\n\t\t\t\t\t\t<div class=\"elementor-element elementor-element-7eaafb2 elementor-widget elementor-widget-heading\" data-id=\"7eaafb2\" data-element_type=\"widget\" data-e-type=\"widget\" data-widget_type=\"heading.default\">\n\t\t\t\t<div class=\"elementor-widget-container\">\n\t\t\t\t\t<h2 class=\"elementor-heading-title elementor-size-default\">El teu partner de confian\u00e7a<\/h2>\t\t\t\t<\/div>\n\t\t\t\t<\/div>\n\t\t\t\t<div class=\"elementor-element elementor-element-a5eebd2 elementor-widget elementor-widget-text-editor\" data-id=\"a5eebd2\" data-element_type=\"widget\" data-e-type=\"widget\" data-widget_type=\"text-editor.default\">\n\t\t\t\t<div class=\"elementor-widget-container\">\n\t\t\t\t\t\t\t\t\t<p data-pm-slice=\"1 1 []\">A Codix Smart Technologies, ens enorgulleix ser partners de SonicWall, una de les empreses l\u00edders en seguretat de xarxes, networking i acc\u00e9s. La nostra alian\u00e7a estrat\u00e8gica ens permet oferir solucions avan\u00e7ades de ciberseguretat als nostres clients, garantint la protecci\u00f3 de les infraestructures digitals contra amenaces cada vegada m\u00e9s sofisticades. <\/p>\n\t\t\t\t\t\t\t\t<\/div>\n\t\t\t\t<\/div>\n\t\t\t\t\t<\/div>\n\t\t<\/div>\n\t\t\t\t<div class=\"elementor-column elementor-col-50 elementor-top-column elementor-element elementor-element-3f56b3b elementor-invisible\" data-id=\"3f56b3b\" data-element_type=\"column\" data-e-type=\"column\" data-settings=\"{&quot;animation&quot;:&quot;fadeInRight&quot;,&quot;animation_delay&quot;:100}\">\n\t\t\t<div class=\"elementor-widget-wrap elementor-element-populated\">\n\t\t\t\t\t\t<div class=\"elementor-element elementor-element-e53a9b1 elementor-widget elementor-widget-image\" data-id=\"e53a9b1\" data-element_type=\"widget\" data-e-type=\"widget\" data-widget_type=\"image.default\">\n\t\t\t\t<div class=\"elementor-widget-container\">\n\t\t\t\t\t\t\t\t\t\t\t\t\t\t\t<img fetchpriority=\"high\" decoding=\"async\" width=\"800\" height=\"395\" src=\"https:\/\/www.codix.es\/wp-content\/uploads\/2025\/02\/product-two-1-1024x506.jpeg\" class=\"attachment-large size-large wp-image-9772\" alt=\"\" srcset=\"https:\/\/www.codix.es\/wp-content\/uploads\/2025\/02\/product-two-1-1024x506.jpeg 1024w, https:\/\/www.codix.es\/wp-content\/uploads\/2025\/02\/product-two-1-300x148.jpeg 300w, https:\/\/www.codix.es\/wp-content\/uploads\/2025\/02\/product-two-1-768x380.jpeg 768w, https:\/\/www.codix.es\/wp-content\/uploads\/2025\/02\/product-two-1-1536x759.jpeg 1536w, https:\/\/www.codix.es\/wp-content\/uploads\/2025\/02\/product-two-1-2048x1012.jpeg 2048w\" sizes=\"(max-width: 800px) 100vw, 800px\" \/>\t\t\t\t\t\t\t\t\t\t\t\t\t\t\t<\/div>\n\t\t\t\t<\/div>\n\t\t\t\t\t<\/div>\n\t\t<\/div>\n\t\t\t\t\t<\/div>\n\t\t<\/section>\n\t\t\t\t<section class=\"elementor-section elementor-top-section elementor-element elementor-element-00c7813 elementor-section-boxed elementor-section-height-default elementor-section-height-default\" data-id=\"00c7813\" data-element_type=\"section\" data-e-type=\"section\">\n\t\t\t\t\t\t<div class=\"elementor-container elementor-column-gap-default\">\n\t\t\t\t\t<div class=\"elementor-column elementor-col-100 elementor-top-column elementor-element elementor-element-3e7d10c elementor-invisible\" data-id=\"3e7d10c\" data-element_type=\"column\" data-e-type=\"column\" data-settings=\"{&quot;animation&quot;:&quot;fadeIn&quot;,&quot;animation_delay&quot;:200}\">\n\t\t\t<div class=\"elementor-widget-wrap elementor-element-populated\">\n\t\t\t\t\t\t<div class=\"elementor-element elementor-element-5fa4b21 elementor-widget elementor-widget-heading\" data-id=\"5fa4b21\" data-element_type=\"widget\" data-e-type=\"widget\" data-widget_type=\"heading.default\">\n\t\t\t\t<div class=\"elementor-widget-container\">\n\t\t\t\t\t<h2 class=\"elementor-heading-title elementor-size-default\">Seguretat de Pr\u00f2xima Generaci\u00f3 amb SonicWall<\/h2>\t\t\t\t<\/div>\n\t\t\t\t<\/div>\n\t\t\t\t<div class=\"elementor-element elementor-element-64aa309 elementor-widget elementor-widget-text-editor\" data-id=\"64aa309\" data-element_type=\"widget\" data-e-type=\"widget\" data-widget_type=\"text-editor.default\">\n\t\t\t\t<div class=\"elementor-widget-container\">\n\t\t\t\t\t\t\t\t\t<p data-pm-slice=\"1 1 []\">SonicWall \u00e9s reconeguda mundialment per la seva innovaci\u00f3 en seguretat de xarxes, proporcionant tecnologies d&#8217;avantguarda que asseguren la continu\u00eftat operativa d&#8217;empreses de totes les mides. Entre les principals solucions destaquen: <\/p>\n\t\t\t\t\t\t\t\t<\/div>\n\t\t\t\t<\/div>\n\t\t\t\t\t<\/div>\n\t\t<\/div>\n\t\t\t\t\t<\/div>\n\t\t<\/section>\n\t\t\t\t<section class=\"elementor-section elementor-top-section elementor-element elementor-element-1cfd08c elementor-section-boxed elementor-section-height-default elementor-section-height-default\" data-id=\"1cfd08c\" data-element_type=\"section\" data-e-type=\"section\">\n\t\t\t\t\t\t<div class=\"elementor-container elementor-column-gap-default\">\n\t\t\t\t\t<div class=\"elementor-column elementor-col-33 elementor-top-column elementor-element elementor-element-a7773a4 elementor-invisible\" data-id=\"a7773a4\" data-element_type=\"column\" data-e-type=\"column\" data-settings=\"{&quot;animation&quot;:&quot;zoomIn&quot;}\">\n\t\t\t<div class=\"elementor-widget-wrap elementor-element-populated\">\n\t\t\t\t\t\t<div class=\"elementor-element elementor-element-d52b88a elementor-view-default elementor-position-block-start elementor-mobile-position-block-start elementor-widget elementor-widget-icon-box\" data-id=\"d52b88a\" data-element_type=\"widget\" data-e-type=\"widget\" data-widget_type=\"icon-box.default\">\n\t\t\t\t<div class=\"elementor-widget-container\">\n\t\t\t\t\t\t\t<div class=\"elementor-icon-box-wrapper\">\n\n\t\t\t\t\t\t<div class=\"elementor-icon-box-icon\">\n\t\t\t\t<span  class=\"elementor-icon\">\n\t\t\t\t<i aria-hidden=\"true\" class=\"fas fa-fire-alt\"><\/i>\t\t\t\t<\/span>\n\t\t\t<\/div>\n\t\t\t\n\t\t\t\t\t\t<div class=\"elementor-icon-box-content\">\n\n\t\t\t\t\t\t\t\t\t<h3 class=\"elementor-icon-box-title\">\n\t\t\t\t\t\t<span  >\n\t\t\t\t\t\t\tFirewalls de Pr\u00f2xima Generaci\u00f3 (NGFW):\t\t\t\t\t\t<\/span>\n\t\t\t\t\t<\/h3>\n\t\t\t\t\n\t\t\t\t\t\t\t\t\t<p class=\"elementor-icon-box-description\">\n\t\t\t\t\t\tEquipats amb intel\u00b7lig\u00e8ncia avan\u00e7ada per a la detecci\u00f3 i la prevenci\u00f3 d'amenaces en temps real.\t\t\t\t\t<\/p>\n\t\t\t\t\n\t\t\t<\/div>\n\t\t\t\n\t\t<\/div>\n\t\t\t\t\t\t<\/div>\n\t\t\t\t<\/div>\n\t\t\t\t\t<\/div>\n\t\t<\/div>\n\t\t\t\t<div class=\"elementor-column elementor-col-33 elementor-top-column elementor-element elementor-element-25ae2d5 elementor-invisible\" data-id=\"25ae2d5\" data-element_type=\"column\" data-e-type=\"column\" data-settings=\"{&quot;animation&quot;:&quot;zoomIn&quot;,&quot;animation_delay&quot;:100}\">\n\t\t\t<div class=\"elementor-widget-wrap elementor-element-populated\">\n\t\t\t\t\t\t<div class=\"elementor-element elementor-element-5cad769 elementor-view-default elementor-position-block-start elementor-mobile-position-block-start elementor-widget elementor-widget-icon-box\" data-id=\"5cad769\" data-element_type=\"widget\" data-e-type=\"widget\" data-widget_type=\"icon-box.default\">\n\t\t\t\t<div class=\"elementor-widget-container\">\n\t\t\t\t\t\t\t<div class=\"elementor-icon-box-wrapper\">\n\n\t\t\t\t\t\t<div class=\"elementor-icon-box-icon\">\n\t\t\t\t<span  class=\"elementor-icon\">\n\t\t\t\t<i aria-hidden=\"true\" class=\"fas fa-user-lock\"><\/i>\t\t\t\t<\/span>\n\t\t\t<\/div>\n\t\t\t\n\t\t\t\t\t\t<div class=\"elementor-icon-box-content\">\n\n\t\t\t\t\t\t\t\t\t<h3 class=\"elementor-icon-box-title\">\n\t\t\t\t\t\t<span  >\n\t\t\t\t\t\t\tServeis de Seguretat de Xarxa:\t\t\t\t\t\t<\/span>\n\t\t\t\t\t<\/h3>\n\t\t\t\t\n\t\t\t\t\t\t\t\t\t<p class=\"elementor-icon-box-description\">\n\t\t\t\t\t\tProtecci\u00f3 contra codi malici\u00f3s (malware), ransomware, intrusions i altres amenaces emergents.\t\t\t\t\t<\/p>\n\t\t\t\t\n\t\t\t<\/div>\n\t\t\t\n\t\t<\/div>\n\t\t\t\t\t\t<\/div>\n\t\t\t\t<\/div>\n\t\t\t\t\t<\/div>\n\t\t<\/div>\n\t\t\t\t<div class=\"elementor-column elementor-col-33 elementor-top-column elementor-element elementor-element-ed6c86d elementor-invisible\" data-id=\"ed6c86d\" data-element_type=\"column\" data-e-type=\"column\" data-settings=\"{&quot;animation&quot;:&quot;zoomIn&quot;,&quot;animation_delay&quot;:200}\">\n\t\t\t<div class=\"elementor-widget-wrap elementor-element-populated\">\n\t\t\t\t\t\t<div class=\"elementor-element elementor-element-33893b0 elementor-view-default elementor-position-block-start elementor-mobile-position-block-start elementor-widget elementor-widget-icon-box\" data-id=\"33893b0\" data-element_type=\"widget\" data-e-type=\"widget\" data-widget_type=\"icon-box.default\">\n\t\t\t\t<div class=\"elementor-widget-container\">\n\t\t\t\t\t\t\t<div class=\"elementor-icon-box-wrapper\">\n\n\t\t\t\t\t\t<div class=\"elementor-icon-box-icon\">\n\t\t\t\t<span  class=\"elementor-icon\">\n\t\t\t\t<i aria-hidden=\"true\" class=\"fas fa-map-marker\"><\/i>\t\t\t\t<\/span>\n\t\t\t<\/div>\n\t\t\t\n\t\t\t\t\t\t<div class=\"elementor-icon-box-content\">\n\n\t\t\t\t\t\t\t\t\t<h3 class=\"elementor-icon-box-title\">\n\t\t\t\t\t\t<span  >\n\t\t\t\t\t\t\tPunts d'acc\u00e9s Assegurances:\t\t\t\t\t\t<\/span>\n\t\t\t\t\t<\/h3>\n\t\t\t\t\n\t\t\t\t\t\t\t\t\t<p class=\"elementor-icon-box-description\">\n\t\t\t\t\t\tConnectivitat sense fil fiable i protegida per a empreses i organitzacions.\n\n\t\t\t\t\t<\/p>\n\t\t\t\t\n\t\t\t<\/div>\n\t\t\t\n\t\t<\/div>\n\t\t\t\t\t\t<\/div>\n\t\t\t\t<\/div>\n\t\t\t\t\t<\/div>\n\t\t<\/div>\n\t\t\t\t\t<\/div>\n\t\t<\/section>\n\t\t\t\t<section class=\"elementor-section elementor-top-section elementor-element elementor-element-cd34ead elementor-section-boxed elementor-section-height-default elementor-section-height-default\" data-id=\"cd34ead\" data-element_type=\"section\" data-e-type=\"section\">\n\t\t\t\t\t\t<div class=\"elementor-container elementor-column-gap-default\">\n\t\t\t\t\t<div class=\"elementor-column elementor-col-33 elementor-top-column elementor-element elementor-element-7c848f6 elementor-invisible\" data-id=\"7c848f6\" data-element_type=\"column\" data-e-type=\"column\" data-settings=\"{&quot;animation&quot;:&quot;fadeIn&quot;,&quot;animation_delay&quot;:300}\">\n\t\t\t<div class=\"elementor-widget-wrap elementor-element-populated\">\n\t\t\t\t\t\t<div class=\"elementor-element elementor-element-0ac5897 elementor-view-default elementor-position-block-start elementor-mobile-position-block-start elementor-widget elementor-widget-icon-box\" data-id=\"0ac5897\" data-element_type=\"widget\" data-e-type=\"widget\" data-widget_type=\"icon-box.default\">\n\t\t\t\t<div class=\"elementor-widget-container\">\n\t\t\t\t\t\t\t<div class=\"elementor-icon-box-wrapper\">\n\n\t\t\t\t\t\t<div class=\"elementor-icon-box-icon\">\n\t\t\t\t<span  class=\"elementor-icon\">\n\t\t\t\t<i aria-hidden=\"true\" class=\"fas fa-network-wired\"><\/i>\t\t\t\t<\/span>\n\t\t\t<\/div>\n\t\t\t\n\t\t\t\t\t\t<div class=\"elementor-icon-box-content\">\n\n\t\t\t\t\t\t\t\t\t<h3 class=\"elementor-icon-box-title\">\n\t\t\t\t\t\t<span  >\n\t\t\t\t\t\t\tSwitches de Xarxa:\t\t\t\t\t\t<\/span>\n\t\t\t\t\t<\/h3>\n\t\t\t\t\n\t\t\t\t\t\t\t\t\t<p class=\"elementor-icon-box-description\">\n\t\t\t\t\t\tEquipats amb intel\u00b7lig\u00e8ncia avan\u00e7ada per a la detecci\u00f3 i la prevenci\u00f3 d'amenaces en temps real.\t\t\t\t\t<\/p>\n\t\t\t\t\n\t\t\t<\/div>\n\t\t\t\n\t\t<\/div>\n\t\t\t\t\t\t<\/div>\n\t\t\t\t<\/div>\n\t\t\t\t\t<\/div>\n\t\t<\/div>\n\t\t\t\t<div class=\"elementor-column elementor-col-33 elementor-top-column elementor-element elementor-element-c0e9ef6 elementor-invisible\" data-id=\"c0e9ef6\" data-element_type=\"column\" data-e-type=\"column\" data-settings=\"{&quot;animation&quot;:&quot;zoomIn&quot;,&quot;animation_delay&quot;:400}\">\n\t\t\t<div class=\"elementor-widget-wrap elementor-element-populated\">\n\t\t\t\t\t\t<div class=\"elementor-element elementor-element-3edd57e elementor-view-default elementor-position-block-start elementor-mobile-position-block-start elementor-widget elementor-widget-icon-box\" data-id=\"3edd57e\" data-element_type=\"widget\" data-e-type=\"widget\" data-widget_type=\"icon-box.default\">\n\t\t\t\t<div class=\"elementor-widget-container\">\n\t\t\t\t\t\t\t<div class=\"elementor-icon-box-wrapper\">\n\n\t\t\t\t\t\t<div class=\"elementor-icon-box-icon\">\n\t\t\t\t<span  class=\"elementor-icon\">\n\t\t\t\t<i aria-hidden=\"true\" class=\"fas fa-tv\"><\/i>\t\t\t\t<\/span>\n\t\t\t<\/div>\n\t\t\t\n\t\t\t\t\t\t<div class=\"elementor-icon-box-content\">\n\n\t\t\t\t\t\t\t\t\t<h3 class=\"elementor-icon-box-title\">\n\t\t\t\t\t\t<span  >\n\t\t\t\t\t\t\tSolucions d'acc\u00e9s Remot Asseguran\u00e7a:\t\t\t\t\t\t<\/span>\n\t\t\t\t\t<\/h3>\n\t\t\t\t\n\t\t\t\t\t\t\t\t\t<p class=\"elementor-icon-box-description\">\n\t\t\t\t\t\tEines que garanteixen la connectivitat segura dels empleats des de qualsevol ubicaci\u00f3.\t\t\t\t\t<\/p>\n\t\t\t\t\n\t\t\t<\/div>\n\t\t\t\n\t\t<\/div>\n\t\t\t\t\t\t<\/div>\n\t\t\t\t<\/div>\n\t\t\t\t\t<\/div>\n\t\t<\/div>\n\t\t\t\t<div class=\"elementor-column elementor-col-33 elementor-top-column elementor-element elementor-element-22300fb elementor-invisible\" data-id=\"22300fb\" data-element_type=\"column\" data-e-type=\"column\" data-settings=\"{&quot;animation&quot;:&quot;zoomIn&quot;,&quot;animation_delay&quot;:500}\">\n\t\t\t<div class=\"elementor-widget-wrap elementor-element-populated\">\n\t\t\t\t\t\t<div class=\"elementor-element elementor-element-778880d elementor-view-default elementor-position-block-start elementor-mobile-position-block-start elementor-widget elementor-widget-icon-box\" data-id=\"778880d\" data-element_type=\"widget\" data-e-type=\"widget\" data-widget_type=\"icon-box.default\">\n\t\t\t\t<div class=\"elementor-widget-container\">\n\t\t\t\t\t\t\t<div class=\"elementor-icon-box-wrapper\">\n\n\t\t\t\t\t\t<div class=\"elementor-icon-box-icon\">\n\t\t\t\t<span  class=\"elementor-icon\">\n\t\t\t\t<i aria-hidden=\"true\" class=\"fas fa-handshake\"><\/i>\t\t\t\t<\/span>\n\t\t\t<\/div>\n\t\t\t\n\t\t\t\t\t\t<div class=\"elementor-icon-box-content\">\n\n\t\t\t\t\t\t\t\t\t<h3 class=\"elementor-icon-box-title\">\n\t\t\t\t\t\t<span  >\n\t\t\t\t\t\t\tBeneficis del Partnership:\t\t\t\t\t\t<\/span>\n\t\t\t\t\t<\/h3>\n\t\t\t\t\n\t\t\t\t\t\t\t\t\t<p class=\"elementor-icon-box-description\">\n\t\t\t\t\t\tOferim assessorament expert, implementaci\u00f3 i suport de les seves solucions, assegurant que cada client rebi la millor protecci\u00f3 adaptada a les necessitats espec\u00edfiques.  \t\t\t\t\t<\/p>\n\t\t\t\t\n\t\t\t<\/div>\n\t\t\t\n\t\t<\/div>\n\t\t\t\t\t\t<\/div>\n\t\t\t\t<\/div>\n\t\t\t\t\t<\/div>\n\t\t<\/div>\n\t\t\t\t\t<\/div>\n\t\t<\/section>\n\t\t\t\t<\/div>\n\t\t","protected":false},"excerpt":{"rendered":"<p>El teu partner de confian\u00e7a A Codix Smart Technologies, ens enorgulleix ser partners de SonicWall, una de les empreses l\u00edders en seguretat de xarxes, networking i acc\u00e9s. La nostra alian\u00e7a estrat\u00e8gica ens permet oferir solucions avan\u00e7ades de ciberseguretat als nostres clients, garantint la protecci\u00f3 de les infraestructures digitals contra amenaces cada vegada m\u00e9s sofisticades. Seguretat [&hellip;]<\/p>\n","protected":false},"author":3,"featured_media":9762,"parent":0,"menu_order":0,"comment_status":"closed","ping_status":"closed","template":"","meta":{"footnotes":""},"class_list":["post-9789","page","type-page","status-publish","has-post-thumbnail","hentry"],"yoast_head":"<!-- This site is optimized with the Yoast SEO plugin v27.5 - https:\/\/yoast.com\/product\/yoast-seo-wordpress\/ -->\n<title>Sonicwall - codix<\/title>\n<meta name=\"robots\" content=\"index, follow, max-snippet:-1, max-image-preview:large, max-video-preview:-1\" \/>\n<link rel=\"canonical\" href=\"https:\/\/www.codix.es\/ca\/sonicwall\/\" \/>\n<meta property=\"og:locale\" content=\"ca_ES\" \/>\n<meta property=\"og:type\" content=\"article\" \/>\n<meta property=\"og:title\" content=\"Sonicwall - codix\" \/>\n<meta property=\"og:description\" content=\"El teu partner de confian\u00e7a A Codix Smart Technologies, ens enorgulleix ser partners de SonicWall, una de les empreses l\u00edders en seguretat de xarxes, networking i acc\u00e9s. La nostra alian\u00e7a estrat\u00e8gica ens permet oferir solucions avan\u00e7ades de ciberseguretat als nostres clients, garantint la protecci\u00f3 de les infraestructures digitals contra amenaces cada vegada m\u00e9s sofisticades. Seguretat [&hellip;]\" \/>\n<meta property=\"og:url\" content=\"https:\/\/www.codix.es\/ca\/sonicwall\/\" \/>\n<meta property=\"og:site_name\" content=\"codix\" \/>\n<meta property=\"article:publisher\" content=\"https:\/\/www.facebook.com\/Codix-Sistemes-Informatics-SL-183906981636700\/\" \/>\n<meta property=\"article:modified_time\" content=\"2025-02-27T15:52:26+00:00\" \/>\n<meta property=\"og:image\" content=\"http:\/\/www.codix.es\/wp-content\/uploads\/2025\/02\/sonicwall-partner.jpg\" \/>\n\t<meta property=\"og:image:width\" content=\"768\" \/>\n\t<meta property=\"og:image:height\" content=\"339\" \/>\n\t<meta property=\"og:image:type\" content=\"image\/jpeg\" \/>\n<meta name=\"twitter:card\" content=\"summary_large_image\" \/>\n<meta name=\"twitter:label1\" content=\"Est. reading time\" \/>\n\t<meta name=\"twitter:data1\" content=\"1 minute\" \/>\n<script type=\"application\/ld+json\" class=\"yoast-schema-graph\">{\"@context\":\"https:\\\/\\\/schema.org\",\"@graph\":[{\"@type\":\"WebPage\",\"@id\":\"https:\\\/\\\/www.codix.es\\\/ca\\\/sonicwall\\\/\",\"url\":\"https:\\\/\\\/www.codix.es\\\/ca\\\/sonicwall\\\/\",\"name\":\"Sonicwall - codix\",\"isPartOf\":{\"@id\":\"https:\\\/\\\/www.codix.es\\\/#website\"},\"primaryImageOfPage\":{\"@id\":\"https:\\\/\\\/www.codix.es\\\/ca\\\/sonicwall\\\/#primaryimage\"},\"image\":{\"@id\":\"https:\\\/\\\/www.codix.es\\\/ca\\\/sonicwall\\\/#primaryimage\"},\"thumbnailUrl\":\"https:\\\/\\\/www.codix.es\\\/wp-content\\\/uploads\\\/2025\\\/02\\\/sonicwall-partner.jpg\",\"datePublished\":\"2025-02-27T15:39:34+00:00\",\"dateModified\":\"2025-02-27T15:52:26+00:00\",\"breadcrumb\":{\"@id\":\"https:\\\/\\\/www.codix.es\\\/ca\\\/sonicwall\\\/#breadcrumb\"},\"inLanguage\":\"ca-ES\",\"potentialAction\":[{\"@type\":\"ReadAction\",\"target\":[\"https:\\\/\\\/www.codix.es\\\/ca\\\/sonicwall\\\/\"]}]},{\"@type\":\"ImageObject\",\"inLanguage\":\"ca-ES\",\"@id\":\"https:\\\/\\\/www.codix.es\\\/ca\\\/sonicwall\\\/#primaryimage\",\"url\":\"https:\\\/\\\/www.codix.es\\\/wp-content\\\/uploads\\\/2025\\\/02\\\/sonicwall-partner.jpg\",\"contentUrl\":\"https:\\\/\\\/www.codix.es\\\/wp-content\\\/uploads\\\/2025\\\/02\\\/sonicwall-partner.jpg\",\"width\":768,\"height\":339},{\"@type\":\"BreadcrumbList\",\"@id\":\"https:\\\/\\\/www.codix.es\\\/ca\\\/sonicwall\\\/#breadcrumb\",\"itemListElement\":[{\"@type\":\"ListItem\",\"position\":1,\"name\":\"Home\",\"item\":\"https:\\\/\\\/www.codix.es\\\/ca\\\/home\\\/\"},{\"@type\":\"ListItem\",\"position\":2,\"name\":\"Sonicwall\"}]},{\"@type\":\"WebSite\",\"@id\":\"https:\\\/\\\/www.codix.es\\\/#website\",\"url\":\"https:\\\/\\\/www.codix.es\\\/\",\"name\":\"codix\",\"description\":\"informatica terrassa\",\"publisher\":{\"@id\":\"https:\\\/\\\/www.codix.es\\\/#organization\"},\"potentialAction\":[{\"@type\":\"SearchAction\",\"target\":{\"@type\":\"EntryPoint\",\"urlTemplate\":\"https:\\\/\\\/www.codix.es\\\/?s={search_term_string}\"},\"query-input\":{\"@type\":\"PropertyValueSpecification\",\"valueRequired\":true,\"valueName\":\"search_term_string\"}}],\"inLanguage\":\"ca-ES\"},{\"@type\":\"Organization\",\"@id\":\"https:\\\/\\\/www.codix.es\\\/#organization\",\"name\":\"codix\",\"url\":\"https:\\\/\\\/www.codix.es\\\/\",\"logo\":{\"@type\":\"ImageObject\",\"inLanguage\":\"ca-ES\",\"@id\":\"https:\\\/\\\/www.codix.es\\\/#\\\/schema\\\/logo\\\/image\\\/\",\"url\":\"https:\\\/\\\/www.codix.es\\\/wp-content\\\/uploads\\\/2022\\\/08\\\/codix-logo-trans.svg\",\"contentUrl\":\"https:\\\/\\\/www.codix.es\\\/wp-content\\\/uploads\\\/2022\\\/08\\\/codix-logo-trans.svg\",\"width\":800,\"height\":203,\"caption\":\"codix\"},\"image\":{\"@id\":\"https:\\\/\\\/www.codix.es\\\/#\\\/schema\\\/logo\\\/image\\\/\"},\"sameAs\":[\"https:\\\/\\\/www.facebook.com\\\/Codix-Sistemes-Informatics-SL-183906981636700\\\/\"]}]}<\/script>\n<!-- \/ Yoast SEO plugin. -->","yoast_head_json":{"title":"Sonicwall - codix","robots":{"index":"index","follow":"follow","max-snippet":"max-snippet:-1","max-image-preview":"max-image-preview:large","max-video-preview":"max-video-preview:-1"},"canonical":"https:\/\/www.codix.es\/ca\/sonicwall\/","og_locale":"ca_ES","og_type":"article","og_title":"Sonicwall - codix","og_description":"El teu partner de confian\u00e7a A Codix Smart Technologies, ens enorgulleix ser partners de SonicWall, una de les empreses l\u00edders en seguretat de xarxes, networking i acc\u00e9s. La nostra alian\u00e7a estrat\u00e8gica ens permet oferir solucions avan\u00e7ades de ciberseguretat als nostres clients, garantint la protecci\u00f3 de les infraestructures digitals contra amenaces cada vegada m\u00e9s sofisticades. Seguretat [&hellip;]","og_url":"https:\/\/www.codix.es\/ca\/sonicwall\/","og_site_name":"codix","article_publisher":"https:\/\/www.facebook.com\/Codix-Sistemes-Informatics-SL-183906981636700\/","article_modified_time":"2025-02-27T15:52:26+00:00","og_image":[{"width":768,"height":339,"url":"http:\/\/www.codix.es\/wp-content\/uploads\/2025\/02\/sonicwall-partner.jpg","type":"image\/jpeg"}],"twitter_card":"summary_large_image","twitter_misc":{"Est. reading time":"1 minute"},"schema":{"@context":"https:\/\/schema.org","@graph":[{"@type":"WebPage","@id":"https:\/\/www.codix.es\/ca\/sonicwall\/","url":"https:\/\/www.codix.es\/ca\/sonicwall\/","name":"Sonicwall - codix","isPartOf":{"@id":"https:\/\/www.codix.es\/#website"},"primaryImageOfPage":{"@id":"https:\/\/www.codix.es\/ca\/sonicwall\/#primaryimage"},"image":{"@id":"https:\/\/www.codix.es\/ca\/sonicwall\/#primaryimage"},"thumbnailUrl":"https:\/\/www.codix.es\/wp-content\/uploads\/2025\/02\/sonicwall-partner.jpg","datePublished":"2025-02-27T15:39:34+00:00","dateModified":"2025-02-27T15:52:26+00:00","breadcrumb":{"@id":"https:\/\/www.codix.es\/ca\/sonicwall\/#breadcrumb"},"inLanguage":"ca-ES","potentialAction":[{"@type":"ReadAction","target":["https:\/\/www.codix.es\/ca\/sonicwall\/"]}]},{"@type":"ImageObject","inLanguage":"ca-ES","@id":"https:\/\/www.codix.es\/ca\/sonicwall\/#primaryimage","url":"https:\/\/www.codix.es\/wp-content\/uploads\/2025\/02\/sonicwall-partner.jpg","contentUrl":"https:\/\/www.codix.es\/wp-content\/uploads\/2025\/02\/sonicwall-partner.jpg","width":768,"height":339},{"@type":"BreadcrumbList","@id":"https:\/\/www.codix.es\/ca\/sonicwall\/#breadcrumb","itemListElement":[{"@type":"ListItem","position":1,"name":"Home","item":"https:\/\/www.codix.es\/ca\/home\/"},{"@type":"ListItem","position":2,"name":"Sonicwall"}]},{"@type":"WebSite","@id":"https:\/\/www.codix.es\/#website","url":"https:\/\/www.codix.es\/","name":"codix","description":"informatica terrassa","publisher":{"@id":"https:\/\/www.codix.es\/#organization"},"potentialAction":[{"@type":"SearchAction","target":{"@type":"EntryPoint","urlTemplate":"https:\/\/www.codix.es\/?s={search_term_string}"},"query-input":{"@type":"PropertyValueSpecification","valueRequired":true,"valueName":"search_term_string"}}],"inLanguage":"ca-ES"},{"@type":"Organization","@id":"https:\/\/www.codix.es\/#organization","name":"codix","url":"https:\/\/www.codix.es\/","logo":{"@type":"ImageObject","inLanguage":"ca-ES","@id":"https:\/\/www.codix.es\/#\/schema\/logo\/image\/","url":"https:\/\/www.codix.es\/wp-content\/uploads\/2022\/08\/codix-logo-trans.svg","contentUrl":"https:\/\/www.codix.es\/wp-content\/uploads\/2022\/08\/codix-logo-trans.svg","width":800,"height":203,"caption":"codix"},"image":{"@id":"https:\/\/www.codix.es\/#\/schema\/logo\/image\/"},"sameAs":["https:\/\/www.facebook.com\/Codix-Sistemes-Informatics-SL-183906981636700\/"]}]}},"_links":{"self":[{"href":"https:\/\/www.codix.es\/ca\/wp-json\/wp\/v2\/pages\/9789","targetHints":{"allow":["GET"]}}],"collection":[{"href":"https:\/\/www.codix.es\/ca\/wp-json\/wp\/v2\/pages"}],"about":[{"href":"https:\/\/www.codix.es\/ca\/wp-json\/wp\/v2\/types\/page"}],"author":[{"embeddable":true,"href":"https:\/\/www.codix.es\/ca\/wp-json\/wp\/v2\/users\/3"}],"replies":[{"embeddable":true,"href":"https:\/\/www.codix.es\/ca\/wp-json\/wp\/v2\/comments?post=9789"}],"version-history":[{"count":0,"href":"https:\/\/www.codix.es\/ca\/wp-json\/wp\/v2\/pages\/9789\/revisions"}],"wp:featuredmedia":[{"embeddable":true,"href":"https:\/\/www.codix.es\/ca\/wp-json\/wp\/v2\/media\/9762"}],"wp:attachment":[{"href":"https:\/\/www.codix.es\/ca\/wp-json\/wp\/v2\/media?parent=9789"}],"curies":[{"name":"wp","href":"https:\/\/api.w.org\/{rel}","templated":true}]}}